{"id":59,"date":"2019-10-02T11:28:07","date_gmt":"2019-10-02T11:28:07","guid":{"rendered":"https:\/\/themes.muffingroup.com\/be\/horse2\/?page_id=37"},"modified":"2023-05-27T12:18:32","modified_gmt":"2023-05-27T12:18:32","slug":"sobre-nosotros","status":"publish","type":"page","link":"https:\/\/centroecuestrelasdehesillas.com\/index.php\/sobre-nosotros\/","title":{"rendered":"SOBRE NOSOTROS"},"content":{"rendered":"\t\t<div data-elementor-type=\"wp-page\" data-elementor-id=\"59\" class=\"elementor elementor-59\">\n\t\t\t\t\t\t<section class=\"elementor-section elementor-top-section elementor-element elementor-element-90525ee elementor-section-stretched elementor-section-boxed elementor-section-height-default elementor-section-height-default\" data-id=\"90525ee\" data-element_type=\"section\" data-settings=\"{&quot;stretch_section&quot;:&quot;section-stretched&quot;}\">\n\t\t\t\t\t\t<div class=\"elementor-container elementor-column-gap-wider\">\n\t\t\t\t\t<div class=\"elementor-column elementor-col-100 elementor-top-column elementor-element elementor-element-8c51256\" data-id=\"8c51256\" data-element_type=\"column\">\n\t\t\t<div class=\"elementor-widget-wrap elementor-element-populated\">\n\t\t\t\t\t\t<section class=\"elementor-section elementor-inner-section elementor-element elementor-element-37ed045 elementor-section-boxed elementor-section-height-default elementor-section-height-default\" data-id=\"37ed045\" data-element_type=\"section\">\n\t\t\t\t\t\t<div class=\"elementor-container elementor-column-gap-default\">\n\t\t\t\t\t<div class=\"elementor-column elementor-col-100 elementor-inner-column elementor-element elementor-element-1d1436b\" data-id=\"1d1436b\" data-element_type=\"column\">\n\t\t\t<div class=\"elementor-widget-wrap elementor-element-populated\">\n\t\t\t\t\t\t<div class=\"elementor-element elementor-element-7cefc82 elementor-widget elementor-widget-text-editor\" data-id=\"7cefc82\" data-element_type=\"widget\" data-widget_type=\"text-editor.default\">\n\t\t\t\t<div class=\"elementor-widget-container\">\n\t\t\t\t\t\t\t\t\t<h2>Los Caballos, Nuestra Pasi\u00f3n<\/h2>\t\t\t\t\t\t\t\t<\/div>\n\t\t\t\t<\/div>\n\t\t\t\t<div class=\"elementor-element elementor-element-cdd3b35 elementor-widget elementor-widget-text-editor\" data-id=\"cdd3b35\" data-element_type=\"widget\" data-widget_type=\"text-editor.default\">\n\t\t\t\t<div class=\"elementor-widget-container\">\n\t\t\t\t\t\t\t\t\t<h4>Aliquam Somos un centro h\u00edpico y ecuestre localizado en\u00a0la carretera de Zafra a Medina de las Torres , en la Puebla de Sancho Perez (Badajoz).\u00a0<\/h4>\t\t\t\t\t\t\t\t<\/div>\n\t\t\t\t<\/div>\n\t\t\t\t\t<\/div>\n\t\t<\/div>\n\t\t\t\t\t<\/div>\n\t\t<\/section>\n\t\t\t\t<section class=\"elementor-section elementor-inner-section elementor-element elementor-element-e7cd88a elementor-section-boxed elementor-section-height-default elementor-section-height-default\" data-id=\"e7cd88a\" data-element_type=\"section\">\n\t\t\t\t\t\t<div class=\"elementor-container elementor-column-gap-default\">\n\t\t\t\t\t<div class=\"elementor-column elementor-col-50 elementor-inner-column elementor-element elementor-element-86e0795\" data-id=\"86e0795\" data-element_type=\"column\">\n\t\t\t<div class=\"elementor-widget-wrap elementor-element-populated\">\n\t\t\t\t\t\t<div class=\"elementor-element elementor-element-d6d0ac3 elementor-widget elementor-widget-text-editor\" data-id=\"d6d0ac3\" data-element_type=\"widget\" data-widget_type=\"text-editor.default\">\n\t\t\t\t<div class=\"elementor-widget-container\">\n\t\t\t\t\t\t\t\t\t<p>En Las Dehesillas, hemos construido un lugar donde la pasi\u00f3n por los caballos se une con la belleza de la naturaleza. Nuestro centro, ubicado en un entorno id\u00edlico rodeado de extensos prados y frondosos bosques, es el refugio perfecto para los amantes de la equitaci\u00f3n y aquellos que desean sumergirse en el mundo de los caballos.<\/p><p>Con a\u00f1os de experiencia en la cr\u00eda y cuidado de caballos, nos enorgullece ofrecer una amplia gama de servicios dise\u00f1ados para satisfacer las necesidades de jinetes de todos los niveles. Ya seas principiante o un jinete experimentado, nuestro equipo de profesionales altamente cualificados te acompa\u00f1ar\u00e1 en cada paso del camino, proporcion\u00e1ndote una ense\u00f1anza personalizada y apoyo constante.<\/p><p>En Las Dehesillas, la seguridad y el bienestar de nuestros caballos y clientes son nuestra m\u00e1xima prioridad. Contamos con unas instalaciones modernas y bien equipadas, dise\u00f1adas pensando en el confort y la comodidad de nuestros equinos. Adem\u00e1s, ofrecemos programas de cuidado y alimentaci\u00f3n individualizados para garantizar el \u00f3ptimo estado de nuestros compa\u00f1eros de cuatro patas.<\/p><p>En Las Dehesillas, la seguridad y el bienestar de nuestros caballos y clientes son nuestra m\u00e1xima prioridad. Contamos con unas instalaciones modernas y bien equipadas, dise\u00f1adas pensando en el confort y la comodidad de nuestros equinos. Adem\u00e1s, ofrecemos programas de cuidado y alimentaci\u00f3n individualizados para garantizar el \u00f3ptimo estado de nuestros compa\u00f1eros de cuatro patas.<\/p>\t\t\t\t\t\t\t\t<\/div>\n\t\t\t\t<\/div>\n\t\t\t\t\t<\/div>\n\t\t<\/div>\n\t\t\t\t<div class=\"elementor-column elementor-col-50 elementor-inner-column elementor-element elementor-element-4b96625\" data-id=\"4b96625\" data-element_type=\"column\">\n\t\t\t<div class=\"elementor-widget-wrap elementor-element-populated\">\n\t\t\t\t\t\t<div class=\"elementor-element elementor-element-ff951ac elementor-widget elementor-widget-text-editor\" data-id=\"ff951ac\" data-element_type=\"widget\" data-widget_type=\"text-editor.default\">\n\t\t\t\t<div class=\"elementor-widget-container\">\n\t\t\t\t\t\t\t\t\t<p>Pero Las Dehesillas no es solo un centro ecuestre, sino tambi\u00e9n un lugar de encuentro para los amantes de los caballos. Organizamos eventos emocionantes, competiciones y paseos por los hermosos senderos que rodean nuestras instalaciones. Aqu\u00ed encontrar\u00e1s una comunidad apasionada y comprometida que comparte tu amor por los caballos y que te brindar\u00e1 un ambiente c\u00e1lido y acogedor.<\/p><p>Te invitamos a explorar nuestro sitio web y descubrir todo lo que Las Dehesillas tiene para ofrecerte. Estamos ansiosos por conocerte y compartir nuestra pasi\u00f3n por los caballos contigo. \u00a1Ven y \u00fanete a nuestra familia ecuestre en Las Dehesillas!\u00a0<\/p><p>\u00bfYa te has decidido a conocernos y comenzar tu aventura ecuestre?\u00a0<\/p>\t\t\t\t\t\t\t\t<\/div>\n\t\t\t\t<\/div>\n\t\t\t\t<div class=\"elementor-element elementor-element-d857537 elementor-icon-list--layout-traditional elementor-list-item-link-full_width elementor-widget elementor-widget-icon-list\" data-id=\"d857537\" data-element_type=\"widget\" data-widget_type=\"icon-list.default\">\n\t\t\t\t<div class=\"elementor-widget-container\">\n\t\t\t\t\t\t\t<ul class=\"elementor-icon-list-items\">\n\t\t\t\t\t\t\t<li class=\"elementor-icon-list-item\">\n\t\t\t\t\t\t\t\t\t\t\t<span class=\"elementor-icon-list-icon\">\n\t\t\t\t\t\t\t<i aria-hidden=\"true\" class=\"fas fa-check\"><\/i>\t\t\t\t\t\t<\/span>\n\t\t\t\t\t\t\t\t\t\t<span class=\"elementor-icon-list-text\">Garant\u00eda De Satisfacci\u00f3n<\/span>\n\t\t\t\t\t\t\t\t\t<\/li>\n\t\t\t\t\t\t\t\t<li class=\"elementor-icon-list-item\">\n\t\t\t\t\t\t\t\t\t\t\t<span class=\"elementor-icon-list-icon\">\n\t\t\t\t\t\t\t<i aria-hidden=\"true\" class=\"fas fa-check\"><\/i>\t\t\t\t\t\t<\/span>\n\t\t\t\t\t\t\t\t\t\t<span class=\"elementor-icon-list-text\">Nos Adaptamos A Cada Jinete<\/span>\n\t\t\t\t\t\t\t\t\t<\/li>\n\t\t\t\t\t\t<\/ul>\n\t\t\t\t\t\t<\/div>\n\t\t\t\t<\/div>\n\t\t\t\t<div class=\"elementor-element elementor-element-ad43704 elementor-widget elementor-widget-button\" data-id=\"ad43704\" data-element_type=\"widget\" data-widget_type=\"button.default\">\n\t\t\t\t<div class=\"elementor-widget-container\">\n\t\t\t\t\t\t\t\t\t<div class=\"elementor-button-wrapper\">\n\t\t\t\t\t<a class=\"elementor-button elementor-button-link elementor-size-sm\" href=\"https:\/\/centroecuestrelasdehesillas.com\/index.php\/servicios\/\">\n\t\t\t\t\t\t<span class=\"elementor-button-content-wrapper\">\n\t\t\t\t\t\t\t\t\t<span class=\"elementor-button-text\">Ver Nuestros Servicios<\/span>\n\t\t\t\t\t<\/span>\n\t\t\t\t\t<\/a>\n\t\t\t\t<\/div>\n\t\t\t\t\t\t\t\t<\/div>\n\t\t\t\t<\/div>\n\t\t\t\t\t<\/div>\n\t\t<\/div>\n\t\t\t\t\t<\/div>\n\t\t<\/section>\n\t\t\t\t\t<\/div>\n\t\t<\/div>\n\t\t\t\t\t<\/div>\n\t\t<\/section>\n\t\t\t\t<section class=\"elementor-section elementor-top-section elementor-element elementor-element-b135f26 elementor-section-full_width elementor-section-stretched elementor-section-height-default elementor-section-height-default\" data-id=\"b135f26\" data-element_type=\"section\" data-settings=\"{&quot;stretch_section&quot;:&quot;section-stretched&quot;}\">\n\t\t\t\t\t\t<div class=\"elementor-container elementor-column-gap-no\">\n\t\t\t\t\t<div class=\"elementor-column elementor-col-50 elementor-top-column elementor-element elementor-element-e7c33c8\" data-id=\"e7c33c8\" data-element_type=\"column\" data-settings=\"{&quot;background_background&quot;:&quot;classic&quot;}\">\n\t\t\t<div class=\"elementor-widget-wrap elementor-element-populated\">\n\t\t\t\t\t\t<div class=\"elementor-element elementor-element-94489c7 elementor-widget elementor-widget-spacer\" data-id=\"94489c7\" data-element_type=\"widget\" data-widget_type=\"spacer.default\">\n\t\t\t\t<div class=\"elementor-widget-container\">\n\t\t\t\t\t\t\t<div class=\"elementor-spacer\">\n\t\t\t<div class=\"elementor-spacer-inner\"><\/div>\n\t\t<\/div>\n\t\t\t\t\t\t<\/div>\n\t\t\t\t<\/div>\n\t\t\t\t\t<\/div>\n\t\t<\/div>\n\t\t\t\t<div class=\"elementor-column elementor-col-50 elementor-top-column elementor-element elementor-element-202578e\" data-id=\"202578e\" data-element_type=\"column\" data-settings=\"{&quot;background_background&quot;:&quot;classic&quot;}\">\n\t\t\t<div class=\"elementor-widget-wrap elementor-element-populated\">\n\t\t\t\t\t\t<div class=\"elementor-element elementor-element-ee9d473 elementor-widget elementor-widget-spacer\" data-id=\"ee9d473\" data-element_type=\"widget\" data-widget_type=\"spacer.default\">\n\t\t\t\t<div class=\"elementor-widget-container\">\n\t\t\t\t\t\t\t<div class=\"elementor-spacer\">\n\t\t\t<div class=\"elementor-spacer-inner\"><\/div>\n\t\t<\/div>\n\t\t\t\t\t\t<\/div>\n\t\t\t\t<\/div>\n\t\t\t\t<div class=\"elementor-element elementor-element-67a033c elementor-widget elementor-widget-text-editor\" data-id=\"67a033c\" data-element_type=\"widget\" data-widget_type=\"text-editor.default\">\n\t\t\t\t<div class=\"elementor-widget-container\">\n\t\t\t\t\t\t\t\t\t<p><em>De mi caballo aprend\u00ed que la fuerza se complementa con la nobleza y la lealtad<\/em> &#8211; Gabriel Oliveiro<\/p>\t\t\t\t\t\t\t\t<\/div>\n\t\t\t\t<\/div>\n\t\t\t\t<div class=\"elementor-element elementor-element-bcb9599 elementor-widget elementor-widget-spacer\" data-id=\"bcb9599\" data-element_type=\"widget\" data-widget_type=\"spacer.default\">\n\t\t\t\t<div class=\"elementor-widget-container\">\n\t\t\t\t\t\t\t<div class=\"elementor-spacer\">\n\t\t\t<div class=\"elementor-spacer-inner\"><\/div>\n\t\t<\/div>\n\t\t\t\t\t\t<\/div>\n\t\t\t\t<\/div>\n\t\t\t\t\t<\/div>\n\t\t<\/div>\n\t\t\t\t\t<\/div>\n\t\t<\/section>\n\t\t\t\t<section class=\"elementor-section elementor-top-section elementor-element elementor-element-65edff8 elementor-section-stretched elementor-section-boxed elementor-section-height-default elementor-section-height-default\" data-id=\"65edff8\" data-element_type=\"section\" data-settings=\"{&quot;stretch_section&quot;:&quot;section-stretched&quot;}\">\n\t\t\t\t\t\t<div class=\"elementor-container elementor-column-gap-wider\">\n\t\t\t\t\t<div class=\"elementor-column elementor-col-100 elementor-top-column elementor-element elementor-element-47d9be2\" data-id=\"47d9be2\" data-element_type=\"column\">\n\t\t\t<div class=\"elementor-widget-wrap elementor-element-populated\">\n\t\t\t\t\t\t<section class=\"elementor-section elementor-inner-section elementor-element elementor-element-b3a5e12 elementor-section-boxed elementor-section-height-default elementor-section-height-default\" data-id=\"b3a5e12\" data-element_type=\"section\">\n\t\t\t\t\t\t<div class=\"elementor-container elementor-column-gap-default\">\n\t\t\t\t\t<div class=\"elementor-column elementor-col-100 elementor-inner-column elementor-element elementor-element-f26b380\" data-id=\"f26b380\" data-element_type=\"column\">\n\t\t\t<div class=\"elementor-widget-wrap elementor-element-populated\">\n\t\t\t\t\t\t<div class=\"elementor-element elementor-element-f640c3d elementor-widget elementor-widget-text-editor\" data-id=\"f640c3d\" data-element_type=\"widget\" data-widget_type=\"text-editor.default\">\n\t\t\t\t<div class=\"elementor-widget-container\">\n\t\t\t\t\t\t\t\t\t<h2>Conoce A Nuestro Equipo<\/h2>\t\t\t\t\t\t\t\t<\/div>\n\t\t\t\t<\/div>\n\t\t\t\t\t<\/div>\n\t\t<\/div>\n\t\t\t\t\t<\/div>\n\t\t<\/section>\n\t\t\t\t<section class=\"elementor-section elementor-inner-section elementor-element elementor-element-700666d elementor-section-boxed elementor-section-height-default elementor-section-height-default\" data-id=\"700666d\" data-element_type=\"section\">\n\t\t\t\t\t\t<div class=\"elementor-container elementor-column-gap-default\">\n\t\t\t\t\t<div class=\"elementor-column elementor-col-50 elementor-inner-column elementor-element elementor-element-e686f8c\" data-id=\"e686f8c\" data-element_type=\"column\">\n\t\t\t<div class=\"elementor-widget-wrap elementor-element-populated\">\n\t\t\t\t\t\t<div class=\"elementor-element elementor-element-9c07c72 elementor-widget elementor-widget-image\" data-id=\"9c07c72\" data-element_type=\"widget\" data-widget_type=\"image.default\">\n\t\t\t\t<div class=\"elementor-widget-container\">\n\t\t\t\t\t\t\t\t\t\t\t\t\t\t\t<img fetchpriority=\"high\" decoding=\"async\" width=\"684\" height=\"1024\" src=\"https:\/\/centroecuestrelasdehesillas.com\/wp-content\/uploads\/2023\/05\/DEHESILLAS-58-de-61-684x1024.jpg\" class=\"attachment-large size-large wp-image-255\" alt=\"\" srcset=\"https:\/\/centroecuestrelasdehesillas.com\/wp-content\/uploads\/2023\/05\/DEHESILLAS-58-de-61-684x1024.jpg 684w, https:\/\/centroecuestrelasdehesillas.com\/wp-content\/uploads\/2023\/05\/DEHESILLAS-58-de-61-200x300.jpg 200w, https:\/\/centroecuestrelasdehesillas.com\/wp-content\/uploads\/2023\/05\/DEHESILLAS-58-de-61-98x146.jpg 98w, https:\/\/centroecuestrelasdehesillas.com\/wp-content\/uploads\/2023\/05\/DEHESILLAS-58-de-61-33x50.jpg 33w, https:\/\/centroecuestrelasdehesillas.com\/wp-content\/uploads\/2023\/05\/DEHESILLAS-58-de-61-50x75.jpg 50w, https:\/\/centroecuestrelasdehesillas.com\/wp-content\/uploads\/2023\/05\/DEHESILLAS-58-de-61-480x719.jpg 480w, https:\/\/centroecuestrelasdehesillas.com\/wp-content\/uploads\/2023\/05\/DEHESILLAS-58-de-61.jpg 700w\" sizes=\"(max-width:767px) 480px, 684px\" \/>\t\t\t\t\t\t\t\t\t\t\t\t\t\t\t<\/div>\n\t\t\t\t<\/div>\n\t\t\t\t<div class=\"elementor-element elementor-element-d1b34db elementor-widget elementor-widget-text-editor\" data-id=\"d1b34db\" data-element_type=\"widget\" data-widget_type=\"text-editor.default\">\n\t\t\t\t<div class=\"elementor-widget-container\">\n\t\t\t\t\t\t\t\t\t<h4>Juan Manuel<\/h4><p>Juan Manuel, nacido en Zafra, Badajoz, ha sido un apasionado de los caballos desde temprana edad. Su amor por estos majestuosos animales es palpable en cada aspecto de su vida. Como encargado y gerente del centro h\u00edpico y ecuestre Las Dehesillas, junto a su hermano Jes\u00fas, Juan Manuel ha convertido su pasi\u00f3n en su profesi\u00f3n.<\/p><p>Desde que era ni\u00f1o, Juan Manuel encontraba una fascinaci\u00f3n inigualable al observar a los caballos en los prados cercanos a su hogar. Cada gesto, cada movimiento elegante y poderoso, despertaba en \u00e9l un sentimiento de admiraci\u00f3n y conexi\u00f3n especial. Su dedicaci\u00f3n hacia los equinos lo llev\u00f3 a buscar conocimiento y formaci\u00f3n en el cuidado, adiestramiento y comportamiento de estos animales.<\/p><p>Con el paso del tiempo, Juan Manuel canaliz\u00f3 su pasi\u00f3n hacia la gesti\u00f3n del centro h\u00edpico Las Dehesillas, donde se esfuerza por ofrecer un entorno \u00f3ptimo para los caballos y compartir su conocimiento con otros amantes de estos animales. Su dedicaci\u00f3n es evidente en la atenci\u00f3n minuciosa que brinda a cada caballo y en el amor con el que desempe\u00f1a su labor diaria.<\/p><p>La pasi\u00f3n de Juan Manuel por los caballos ha influido en cada aspecto de su vida. Fuera del centro h\u00edpico, participa en eventos ecuestres, competiciones y exhibiciones, demostrando su destreza y devoci\u00f3n. Adem\u00e1s, es un ferviente defensor del bienestar animal y trabaja arduamente para concienciar sobre la importancia de tratar a los caballos con respeto y cari\u00f1o.<\/p><p>Juan Manuel encarna la pasi\u00f3n y dedicaci\u00f3n hacia los caballos desde su ni\u00f1ez, convirtiendo su amor por estos animales en una forma de vida plena y en una inspiraci\u00f3n para quienes lo rodean.<\/p>\t\t\t\t\t\t\t\t<\/div>\n\t\t\t\t<\/div>\n\t\t\t\t\t<\/div>\n\t\t<\/div>\n\t\t\t\t<div class=\"elementor-column elementor-col-50 elementor-inner-column elementor-element elementor-element-8966440\" data-id=\"8966440\" data-element_type=\"column\">\n\t\t\t<div class=\"elementor-widget-wrap elementor-element-populated\">\n\t\t\t\t\t\t<div class=\"elementor-element elementor-element-6b85cea elementor-widget elementor-widget-image\" data-id=\"6b85cea\" data-element_type=\"widget\" data-widget_type=\"image.default\">\n\t\t\t\t<div class=\"elementor-widget-container\">\n\t\t\t\t\t\t\t\t\t\t\t\t\t\t\t<img decoding=\"async\" width=\"684\" height=\"1024\" data-src=\"https:\/\/centroecuestrelasdehesillas.com\/wp-content\/uploads\/2023\/05\/DEHESILLAS-61-de-61-684x1024.jpg\" class=\"attachment-large size-large wp-image-254 lazyload\" alt=\"\" data-srcset=\"https:\/\/centroecuestrelasdehesillas.com\/wp-content\/uploads\/2023\/05\/DEHESILLAS-61-de-61-684x1024.jpg 684w, https:\/\/centroecuestrelasdehesillas.com\/wp-content\/uploads\/2023\/05\/DEHESILLAS-61-de-61-200x300.jpg 200w, https:\/\/centroecuestrelasdehesillas.com\/wp-content\/uploads\/2023\/05\/DEHESILLAS-61-de-61-98x146.jpg 98w, https:\/\/centroecuestrelasdehesillas.com\/wp-content\/uploads\/2023\/05\/DEHESILLAS-61-de-61-33x50.jpg 33w, https:\/\/centroecuestrelasdehesillas.com\/wp-content\/uploads\/2023\/05\/DEHESILLAS-61-de-61-50x75.jpg 50w, https:\/\/centroecuestrelasdehesillas.com\/wp-content\/uploads\/2023\/05\/DEHESILLAS-61-de-61-480x719.jpg 480w, https:\/\/centroecuestrelasdehesillas.com\/wp-content\/uploads\/2023\/05\/DEHESILLAS-61-de-61.jpg 700w\" data-sizes=\"(max-width:767px) 480px, 684px\" src=\"data:image\/svg+xml;base64,PHN2ZyB3aWR0aD0iMSIgaGVpZ2h0PSIxIiB4bWxucz0iaHR0cDovL3d3dy53My5vcmcvMjAwMC9zdmciPjwvc3ZnPg==\" style=\"--smush-placeholder-width: 684px; --smush-placeholder-aspect-ratio: 684\/1024;\" \/>\t\t\t\t\t\t\t\t\t\t\t\t\t\t\t<\/div>\n\t\t\t\t<\/div>\n\t\t\t\t<div class=\"elementor-element elementor-element-1c9293f elementor-widget elementor-widget-text-editor\" data-id=\"1c9293f\" data-element_type=\"widget\" data-widget_type=\"text-editor.default\">\n\t\t\t\t<div class=\"elementor-widget-container\">\n\t\t\t\t\t\t\t\t\t<h4>Jes\u00fas<\/h4><p><span style=\"letter-spacing: 0px;\">Jes\u00fas, el hermano de Juan Manuel, es una figura imprescindible en el mundo ecuestre como co-encargado y gerente del centro h\u00edpico Las Dehesillas, ubicado en Zafra, Badajoz. Al igual que su hermano, Jes\u00fas ha desarrollado una profunda pasi\u00f3n por los caballos desde muy joven.<\/span><\/p><p>Desde su infancia, Jes\u00fas ha estado inmerso en el entorno equino, aprendiendo y absorbiendo todo lo relacionado con estos magn\u00edficos animales. Su devoci\u00f3n por los caballos es innegable y se refleja en su dedicaci\u00f3n hacia su cuidado y bienestar. Es un verdadero experto en su manejo, adiestramiento y doma.<\/p><p>Como gerente del centro h\u00edpico, Jes\u00fas desempe\u00f1a un papel fundamental en la coordinaci\u00f3n de las operaciones diarias. Su compromiso y conocimientos son invaluables para el \u00e9xito de Las Dehesillas. Adem\u00e1s, es reconocido por su habilidad para establecer una conexi\u00f3n especial con los caballos, creando un ambiente de confianza y armon\u00eda.<\/p><p>Jes\u00fas comparte su pasi\u00f3n y experiencia con otros amantes de los caballos, brindando asesoramiento y entrenamiento a jinetes y propietarios de equinos. Su paciencia y habilidades de comunicaci\u00f3n lo convierten en un maestro excepcional.<\/p><p>Como d\u00fao, Juan Manuel y Jes\u00fas han establecido un legado en el mundo ecuestre, donde su amor por los caballos y su dedicaci\u00f3n hacia ellos han dejado una huella imborrable. Jes\u00fas, un hombre apasionado y conocedor, es una figura indispensable en el centro h\u00edpico Las Dehesillas y un referente para aquellos que comparten su amor por los caballos.<\/p>\t\t\t\t\t\t\t\t<\/div>\n\t\t\t\t<\/div>\n\t\t\t\t\t<\/div>\n\t\t<\/div>\n\t\t\t\t\t<\/div>\n\t\t<\/section>\n\t\t\t\t\t<\/div>\n\t\t<\/div>\n\t\t\t\t\t<\/div>\n\t\t<\/section>\n\t\t\t\t<section class=\"elementor-section elementor-top-section elementor-element elementor-element-c5be2f8 elementor-section-stretched elementor-section-boxed elementor-section-height-default elementor-section-height-default\" data-id=\"c5be2f8\" data-element_type=\"section\" data-settings=\"{&quot;stretch_section&quot;:&quot;section-stretched&quot;,&quot;background_background&quot;:&quot;classic&quot;}\">\n\t\t\t\t\t\t<div class=\"elementor-container elementor-column-gap-wider\">\n\t\t\t\t\t<div class=\"elementor-column elementor-col-100 elementor-top-column elementor-element elementor-element-9225ee1\" data-id=\"9225ee1\" data-element_type=\"column\">\n\t\t\t<div class=\"elementor-widget-wrap elementor-element-populated\">\n\t\t\t\t\t\t<section class=\"elementor-section elementor-inner-section elementor-element elementor-element-bb6e25d elementor-section-boxed elementor-section-height-default elementor-section-height-default\" data-id=\"bb6e25d\" data-element_type=\"section\">\n\t\t\t\t\t\t<div class=\"elementor-container elementor-column-gap-default\">\n\t\t\t\t\t<div class=\"elementor-column elementor-col-50 elementor-inner-column elementor-element elementor-element-97cc757\" data-id=\"97cc757\" data-element_type=\"column\">\n\t\t\t<div class=\"elementor-widget-wrap elementor-element-populated\">\n\t\t\t\t\t\t<div class=\"elementor-element elementor-element-ddd959e elementor-widget elementor-widget-text-editor\" data-id=\"ddd959e\" data-element_type=\"widget\" data-widget_type=\"text-editor.default\">\n\t\t\t\t<div class=\"elementor-widget-container\">\n\t\t\t\t\t\t\t\t\t<h2><span style=\"color: #40362F;\">Suscr\u00edbete A Nuestra Newsletter<\/span><\/h2>\t\t\t\t\t\t\t\t<\/div>\n\t\t\t\t<\/div>\n\t\t\t\t<div class=\"elementor-element elementor-element-c1e5ff1 elementor-widget elementor-widget-text-editor\" data-id=\"c1e5ff1\" data-element_type=\"widget\" data-widget_type=\"text-editor.default\">\n\t\t\t\t<div class=\"elementor-widget-container\">\n\t\t\t\t\t\t\t\t\t<h6>Recibe en tu correo las \u00faltimas noticias sobre el mundo del caballo, inclu\u00eddo los pr\u00f3ximos concursos.<\/h6>\t\t\t\t\t\t\t\t<\/div>\n\t\t\t\t<\/div>\n\t\t\t\t<div class=\"elementor-element elementor-element-2413887 elementor-widget elementor-widget-shortcode\" data-id=\"2413887\" data-element_type=\"widget\" data-widget_type=\"shortcode.default\">\n\t\t\t\t<div class=\"elementor-widget-container\">\n\t\t\t\t\t\t\t<div class=\"elementor-shortcode\">\n<div class=\"wpcf7 no-js\" id=\"wpcf7-f51-o1\" lang=\"en-US\" dir=\"ltr\" data-wpcf7-id=\"51\">\n<div class=\"screen-reader-response\"><p role=\"status\" aria-live=\"polite\" aria-atomic=\"true\"><\/p> <ul><\/ul><\/div>\n<form action=\"\/index.php\/wp-json\/wp\/v2\/pages\/59#wpcf7-f51-o1\" method=\"post\" class=\"wpcf7-form init\" aria-label=\"Contact form\" novalidate=\"novalidate\" data-status=\"init\">\n<fieldset class=\"hidden-fields-container\"><input type=\"hidden\" name=\"_wpcf7\" value=\"51\" \/><input type=\"hidden\" name=\"_wpcf7_version\" value=\"6.1.1\" \/><input type=\"hidden\" name=\"_wpcf7_locale\" value=\"en_US\" \/><input type=\"hidden\" name=\"_wpcf7_unit_tag\" value=\"wpcf7-f51-o1\" \/><input type=\"hidden\" name=\"_wpcf7_container_post\" value=\"0\" \/><input type=\"hidden\" name=\"_wpcf7_posted_data_hash\" value=\"\" \/>\n<\/fieldset>\n<div class=\"horse2-newsletter\">\n\t<div class=\"column one\">\n\t\t<p><span class=\"wpcf7-form-control-wrap\" data-name=\"your-email\"><input size=\"40\" maxlength=\"400\" class=\"wpcf7-form-control wpcf7-email wpcf7-validates-as-required wpcf7-text wpcf7-validates-as-email\" aria-required=\"true\" aria-invalid=\"false\" placeholder=\"E-mail\" value=\"\" type=\"email\" name=\"your-email\" \/><\/span>\n\t\t<\/p>\n\t<\/div>\n\t<div class=\"column one\">\n\t\t<p><input class=\"wpcf7-form-control wpcf7-submit has-spinner button_full_width\" type=\"submit\" value=\"Registrarme\" \/>\n\t\t<\/p>\n\t<\/div>\n<\/div><div class=\"wpcf7-response-output\" aria-hidden=\"true\"><\/div>\n<\/form>\n<\/div>\n<\/div>\n\t\t\t\t\t\t<\/div>\n\t\t\t\t<\/div>\n\t\t\t\t\t<\/div>\n\t\t<\/div>\n\t\t\t\t<div class=\"elementor-column elementor-col-50 elementor-inner-column elementor-element elementor-element-1058c7e\" data-id=\"1058c7e\" data-element_type=\"column\">\n\t\t\t<div class=\"elementor-widget-wrap elementor-element-populated\">\n\t\t\t\t\t\t<div class=\"elementor-element elementor-element-aa84413 elementor-widget elementor-widget-spacer\" data-id=\"aa84413\" data-element_type=\"widget\" data-widget_type=\"spacer.default\">\n\t\t\t\t<div class=\"elementor-widget-container\">\n\t\t\t\t\t\t\t<div class=\"elementor-spacer\">\n\t\t\t<div class=\"elementor-spacer-inner\"><\/div>\n\t\t<\/div>\n\t\t\t\t\t\t<\/div>\n\t\t\t\t<\/div>\n\t\t\t\t\t<\/div>\n\t\t<\/div>\n\t\t\t\t\t<\/div>\n\t\t<\/section>\n\t\t\t\t\t<\/div>\n\t\t<\/div>\n\t\t\t\t\t<\/div>\n\t\t<\/section>\n\t\t\t\t<\/div>\n\t\t","protected":false},"excerpt":{"rendered":"<p>Los Caballos, Nuestra Pasi\u00f3n Aliquam Somos un centro h\u00edpico y ecuestre localizado en\u00a0la carretera de Zafra a Medina de las Torres , en la Puebla de<span class=\"excerpt-hellip\"> [\u2026]<\/span><\/p>\n","protected":false},"author":1,"featured_media":0,"parent":0,"menu_order":0,"comment_status":"open","ping_status":"closed","template":"","meta":{"_monsterinsights_skip_tracking":false,"_monsterinsights_sitenote_active":false,"_monsterinsights_sitenote_note":"","_monsterinsights_sitenote_category":0,"footnotes":""},"class_list":["post-59","page","type-page","status-publish","hentry"],"_links":{"self":[{"href":"https:\/\/centroecuestrelasdehesillas.com\/index.php\/wp-json\/wp\/v2\/pages\/59","targetHints":{"allow":["GET"]}}],"collection":[{"href":"https:\/\/centroecuestrelasdehesillas.com\/index.php\/wp-json\/wp\/v2\/pages"}],"about":[{"href":"https:\/\/centroecuestrelasdehesillas.com\/index.php\/wp-json\/wp\/v2\/types\/page"}],"author":[{"embeddable":true,"href":"https:\/\/centroecuestrelasdehesillas.com\/index.php\/wp-json\/wp\/v2\/users\/1"}],"replies":[{"embeddable":true,"href":"https:\/\/centroecuestrelasdehesillas.com\/index.php\/wp-json\/wp\/v2\/comments?post=59"}],"version-history":[{"count":16,"href":"https:\/\/centroecuestrelasdehesillas.com\/index.php\/wp-json\/wp\/v2\/pages\/59\/revisions"}],"predecessor-version":[{"id":286,"href":"https:\/\/centroecuestrelasdehesillas.com\/index.php\/wp-json\/wp\/v2\/pages\/59\/revisions\/286"}],"wp:attachment":[{"href":"https:\/\/centroecuestrelasdehesillas.com\/index.php\/wp-json\/wp\/v2\/media?parent=59"}],"curies":[{"name":"wp","href":"https:\/\/api.w.org\/{rel}","templated":true}]}}