{"id":43,"date":"2019-10-02T11:29:32","date_gmt":"2019-10-02T11:29:32","guid":{"rendered":"https:\/\/themes.muffingroup.com\/be\/horse2\/?page_id=43"},"modified":"2023-05-31T15:14:32","modified_gmt":"2023-05-31T15:14:32","slug":"entrenamiento-de-caballos","status":"publish","type":"page","link":"https:\/\/centroecuestrelasdehesillas.com\/index.php\/servicios\/entrenamiento-de-caballos\/","title":{"rendered":"ENTRENAMIENTO DE CABALLOS"},"content":{"rendered":"\t\t<div data-elementor-type=\"wp-page\" data-elementor-id=\"43\" class=\"elementor elementor-43\">\n\t\t\t\t\t\t<section class=\"elementor-section elementor-top-section elementor-element elementor-element-9116eab elementor-section-stretched elementor-section-boxed elementor-section-height-default elementor-section-height-default\" data-id=\"9116eab\" data-element_type=\"section\" data-settings=\"{&quot;stretch_section&quot;:&quot;section-stretched&quot;}\">\n\t\t\t\t\t\t<div class=\"elementor-container elementor-column-gap-wider\">\n\t\t\t\t\t<div class=\"elementor-column elementor-col-100 elementor-top-column elementor-element elementor-element-7d4e8c0\" data-id=\"7d4e8c0\" data-element_type=\"column\">\n\t\t\t<div class=\"elementor-widget-wrap elementor-element-populated\">\n\t\t\t\t\t\t<section class=\"elementor-section elementor-inner-section elementor-element elementor-element-ceba484 elementor-section-boxed elementor-section-height-default elementor-section-height-default\" data-id=\"ceba484\" data-element_type=\"section\">\n\t\t\t\t\t\t<div class=\"elementor-container elementor-column-gap-default\">\n\t\t\t\t\t<div class=\"elementor-column elementor-col-100 elementor-inner-column elementor-element elementor-element-381039b\" data-id=\"381039b\" data-element_type=\"column\">\n\t\t\t<div class=\"elementor-widget-wrap elementor-element-populated\">\n\t\t\t\t\t\t<div class=\"elementor-element elementor-element-105e080 elementor-widget elementor-widget-text-editor\" data-id=\"105e080\" data-element_type=\"widget\" data-widget_type=\"text-editor.default\">\n\t\t\t\t<div class=\"elementor-widget-container\">\n\t\t\t\t\t\t\t\t\t<h2>Entrenamos A Tu Caballo<\/h2>\t\t\t\t\t\t\t\t<\/div>\n\t\t\t\t<\/div>\n\t\t\t\t<div class=\"elementor-element elementor-element-3367783 elementor-widget elementor-widget-text-editor\" data-id=\"3367783\" data-element_type=\"widget\" data-widget_type=\"text-editor.default\">\n\t\t\t\t<div class=\"elementor-widget-container\">\n\t\t\t\t\t\t\t\t\t<h6>En Centro Ecuestre Las Dehesillas, entrenamos a tu caballo desde el desbrave hasta la competici\u00f3n, en las dos disciplinas ol\u00edmpicas: Doma Clasica y salto de Obstaculos.<\/h6>\t\t\t\t\t\t\t\t<\/div>\n\t\t\t\t<\/div>\n\t\t\t\t\t<\/div>\n\t\t<\/div>\n\t\t\t\t\t<\/div>\n\t\t<\/section>\n\t\t\t\t\t<\/div>\n\t\t<\/div>\n\t\t\t\t\t<\/div>\n\t\t<\/section>\n\t\t\t\t<section class=\"elementor-section elementor-top-section elementor-element elementor-element-c54aed5 elementor-section-boxed elementor-section-height-default elementor-section-height-default\" data-id=\"c54aed5\" data-element_type=\"section\">\n\t\t\t\t\t\t<div class=\"elementor-container elementor-column-gap-default\">\n\t\t\t\t\t<div class=\"elementor-column elementor-col-100 elementor-top-column elementor-element elementor-element-fd5cb44\" data-id=\"fd5cb44\" data-element_type=\"column\">\n\t\t\t<div class=\"elementor-widget-wrap elementor-element-populated\">\n\t\t\t\t\t\t<section class=\"elementor-section elementor-inner-section elementor-element elementor-element-880e8ab elementor-section-boxed elementor-section-height-default elementor-section-height-default\" data-id=\"880e8ab\" data-element_type=\"section\">\n\t\t\t\t\t\t<div class=\"elementor-container elementor-column-gap-default\">\n\t\t\t\t\t<div class=\"elementor-column elementor-col-50 elementor-inner-column elementor-element elementor-element-682fe8e\" data-id=\"682fe8e\" data-element_type=\"column\">\n\t\t\t<div class=\"elementor-widget-wrap elementor-element-populated\">\n\t\t\t\t\t\t<div class=\"elementor-element elementor-element-cef993c elementor-widget elementor-widget-text-editor\" data-id=\"cef993c\" data-element_type=\"widget\" data-widget_type=\"text-editor.default\">\n\t\t\t\t<div class=\"elementor-widget-container\">\n\t\t\t\t\t\t\t\t\t<p>Nos enorgullece ofrecerte un completo programa de entrenamiento que abarca desde el desbrave inicial hasta la preparaci\u00f3n para competir en las dos disciplinas ol\u00edmpicas m\u00e1s emocionantes: la Doma Cl\u00e1sica y el Salto de Obst\u00e1culos.<\/p><p>Nuestro experimentado equipo de entrenadores y jinetes profesionales est\u00e1 dedicado a brindar el m\u00e1s alto nivel de cuidado y atenci\u00f3n a tu compa\u00f1ero equino. Entendemos que cada caballo es \u00fanico y merece un enfoque individualizado en su entrenamiento. Por lo tanto, dise\u00f1amos planes personalizados para cada uno de nuestros clientes, teniendo en cuenta las necesidades espec\u00edficas de su caballo y sus objetivos.<\/p><p>En el proceso de desbrave, establecemos una s\u00f3lida base de confianza y respeto mutuo entre el jinete y el caballo. Nuestros entrenadores utilizan t\u00e9cnicas suaves y efectivas para introducir gradualmente al caballo a las diferentes se\u00f1ales y comandos, asegurando que aprenda de manera segura y positiva. Con paciencia y dedicaci\u00f3n, ayudamos a tu caballo a desarrollar las habilidades fundamentales necesarias para progresar en su entrenamiento.<\/p><p><span style=\"font-family: Poppins, -apple-system, BlinkMacSystemFont, 'Segoe UI', Roboto, Oxygen-Sans, Ubuntu, Cantarell, 'Helvetica Neue', sans-serif; font-size: 15px; font-style: normal; font-variant-ligatures: normal; font-variant-caps: normal; font-weight: 400;\">Una vez que tu caballo haya dominado los conceptos b\u00e1sicos, podemos avanzar hacia la disciplina de la Doma Cl\u00e1sica. Aqu\u00ed, nos enfocamos en la precisi\u00f3n, elegancia y armon\u00eda en cada movimiento. Nuestro equipo de entrenadores altamente cualificados te guiar\u00e1 a trav\u00e9s de los principios de la Doma Cl\u00e1sica, trabajando en la flexibilidad, equilibrio, cadencia y colecta del caballo.<\/span><\/p>\t\t\t\t\t\t\t\t<\/div>\n\t\t\t\t<\/div>\n\t\t\t\t\t<\/div>\n\t\t<\/div>\n\t\t\t\t<div class=\"elementor-column elementor-col-50 elementor-inner-column elementor-element elementor-element-e52073c\" data-id=\"e52073c\" data-element_type=\"column\">\n\t\t\t<div class=\"elementor-widget-wrap elementor-element-populated\">\n\t\t\t\t\t\t<div class=\"elementor-element elementor-element-4c8318a elementor-widget elementor-widget-text-editor\" data-id=\"4c8318a\" data-element_type=\"widget\" data-widget_type=\"text-editor.default\">\n\t\t\t\t<div class=\"elementor-widget-container\">\n\t\t\t\t\t\t\t\t\t<p><span style=\"font-family: Poppins, -apple-system, BlinkMacSystemFont, 'Segoe UI', Roboto, Oxygen-Sans, Ubuntu, Cantarell, 'Helvetica Neue', sans-serif; font-size: 15px; font-style: normal; font-variant-ligatures: normal; font-variant-caps: normal; font-weight: 400;\">\u00a0A medida que avanzamos, ajustamos el nivel de dificultad para desafiar a tu caballo y ayudarlo a alcanzar su m\u00e1ximo potencial en esta disciplina ol\u00edmpica.<\/span><span style=\"letter-spacing: 0px;\"><br \/><\/span><\/p><p><span style=\"letter-spacing: 0px;\">Si prefieres la emoci\u00f3n y la adrenalina de los saltos, nuestro programa de entrenamiento en Salto de Obst\u00e1culos est\u00e1 dise\u00f1ado para llevar a tu caballo al siguiente nivel. Trabajamos en el desarrollo de la fuerza, la velocidad y la t\u00e9cnica necesarias para superar obst\u00e1culos con gracia y precisi\u00f3n. Nuestros entrenadores expertos te ense\u00f1ar\u00e1n las estrategias adecuadas para abordar diferentes tipos de saltos y te ayudar\u00e1n a perfeccionar tu habilidad como jinete en este desafiante deporte ecuestre.<\/span><\/p><p>En Centro Ecuestre Las Dehesillas, creemos en la importancia de una relaci\u00f3n s\u00f3lida entre el jinete y el caballo. No solo nos enfocamos en el entrenamiento f\u00edsico, sino tambi\u00e9n en el bienestar emocional y mental de tu caballo. Nuestro ambiente tranquilo y respetuoso proporciona un espacio ideal para el crecimiento y la confianza mutua.<\/p><p>Si est\u00e1s buscando un lugar para entrenar a tu caballo en las disciplinas de Doma Cl\u00e1sica y Salto de Obst\u00e1culos, no busques m\u00e1s. En Centro Ecuestre Las Dehesillas, combinamos pasi\u00f3n, experiencia y dedicaci\u00f3n para ayudar a tu caballo a alcanzar su m\u00e1ximo potencial. Cont\u00e1ctanos hoy mismo para comenzar esta emocionante aventura ecuestre juntos. \u00a1Te esperamos con las puertas abiertas!<\/p>\t\t\t\t\t\t\t\t<\/div>\n\t\t\t\t<\/div>\n\t\t\t\t\t<\/div>\n\t\t<\/div>\n\t\t\t\t\t<\/div>\n\t\t<\/section>\n\t\t\t\t\t<\/div>\n\t\t<\/div>\n\t\t\t\t\t<\/div>\n\t\t<\/section>\n\t\t\t\t<section class=\"elementor-section elementor-top-section elementor-element elementor-element-80ab9a8 elementor-section-full_width elementor-section-content-middle elementor-section-stretched elementor-section-height-default elementor-section-height-default\" data-id=\"80ab9a8\" data-element_type=\"section\" data-settings=\"{&quot;stretch_section&quot;:&quot;section-stretched&quot;}\">\n\t\t\t\t\t\t<div class=\"elementor-container elementor-column-gap-no\">\n\t\t\t\t\t<div class=\"elementor-column elementor-col-50 elementor-top-column elementor-element elementor-element-726ce20\" data-id=\"726ce20\" data-element_type=\"column\" data-settings=\"{&quot;background_background&quot;:&quot;classic&quot;}\">\n\t\t\t<div class=\"elementor-widget-wrap elementor-element-populated\">\n\t\t\t\t\t\t<div class=\"elementor-element elementor-element-1aab3c8 elementor-widget elementor-widget-text-editor\" data-id=\"1aab3c8\" data-element_type=\"widget\" data-widget_type=\"text-editor.default\">\n\t\t\t\t<div class=\"elementor-widget-container\">\n\t\t\t\t\t\t\t\t\t<h4 class=\"themecolor\">01<\/h4>\t\t\t\t\t\t\t\t<\/div>\n\t\t\t\t<\/div>\n\t\t\t\t<div class=\"elementor-element elementor-element-abe58ea elementor-widget elementor-widget-text-editor\" data-id=\"abe58ea\" data-element_type=\"widget\" data-widget_type=\"text-editor.default\">\n\t\t\t\t<div class=\"elementor-widget-container\">\n\t\t\t\t\t\t\t\t\t<h2>Doma Cl\u00e1sica<\/h2>\t\t\t\t\t\t\t\t<\/div>\n\t\t\t\t<\/div>\n\t\t\t\t<div class=\"elementor-element elementor-element-bd32841 elementor-widget elementor-widget-text-editor\" data-id=\"bd32841\" data-element_type=\"widget\" data-widget_type=\"text-editor.default\">\n\t\t\t\t<div class=\"elementor-widget-container\">\n\t\t\t\t\t\t\t\t\t<h6>La doma cl\u00e1sica, tambi\u00e9n conocida como adiestramiento cl\u00e1sico o equitaci\u00f3n cl\u00e1sica, es una disciplina ecuestre que se centra en entrenar y desarrollar la armon\u00eda, la precisi\u00f3n y la elegancia en la comunicaci\u00f3n entre el jinete y el caballo.\u00a0<\/h6><h6>\u00a0<\/h6>\t\t\t\t\t\t\t\t<\/div>\n\t\t\t\t<\/div>\n\t\t\t\t<div class=\"elementor-element elementor-element-c212dda elementor-widget elementor-widget-text-editor\" data-id=\"c212dda\" data-element_type=\"widget\" data-widget_type=\"text-editor.default\">\n\t\t\t\t<div class=\"elementor-widget-container\">\n\t\t\t\t\t\t\t\t\t<p>Su objetivo principal es mejorar la movilidad, la obediencia, la flexibilidad y la equilibrio del caballo, a trav\u00e9s de una serie de ejercicios espec\u00edficos.<\/p>\t\t\t\t\t\t\t\t<\/div>\n\t\t\t\t<\/div>\n\t\t\t\t<div class=\"elementor-element elementor-element-d24269e elementor-align-left elementor-widget elementor-widget-button\" data-id=\"d24269e\" data-element_type=\"widget\" data-widget_type=\"button.default\">\n\t\t\t\t<div class=\"elementor-widget-container\">\n\t\t\t\t\t\t\t\t\t<div class=\"elementor-button-wrapper\">\n\t\t\t\t\t<a class=\"elementor-button elementor-button-link elementor-size-sm\" href=\"https:\/\/centroecuestrelasdehesillas.com\/index.php\/contacto\/\">\n\t\t\t\t\t\t<span class=\"elementor-button-content-wrapper\">\n\t\t\t\t\t\t<span class=\"elementor-button-icon\">\n\t\t\t\t<i aria-hidden=\"true\" class=\"fas fa-angle-right\"><\/i>\t\t\t<\/span>\n\t\t\t\t\t\t\t\t\t<span class=\"elementor-button-text\">Cont\u00e1ctanos<\/span>\n\t\t\t\t\t<\/span>\n\t\t\t\t\t<\/a>\n\t\t\t\t<\/div>\n\t\t\t\t\t\t\t\t<\/div>\n\t\t\t\t<\/div>\n\t\t\t\t\t<\/div>\n\t\t<\/div>\n\t\t\t\t<div class=\"elementor-column elementor-col-50 elementor-top-column elementor-element elementor-element-63bce12\" data-id=\"63bce12\" data-element_type=\"column\" data-settings=\"{&quot;background_background&quot;:&quot;classic&quot;}\">\n\t\t\t<div class=\"elementor-widget-wrap elementor-element-populated\">\n\t\t\t\t\t\t<div class=\"elementor-element elementor-element-0a8996e elementor-widget elementor-widget-spacer\" data-id=\"0a8996e\" data-element_type=\"widget\" data-widget_type=\"spacer.default\">\n\t\t\t\t<div class=\"elementor-widget-container\">\n\t\t\t\t\t\t\t<div class=\"elementor-spacer\">\n\t\t\t<div class=\"elementor-spacer-inner\"><\/div>\n\t\t<\/div>\n\t\t\t\t\t\t<\/div>\n\t\t\t\t<\/div>\n\t\t\t\t\t<\/div>\n\t\t<\/div>\n\t\t\t\t\t<\/div>\n\t\t<\/section>\n\t\t\t\t<section class=\"elementor-section elementor-top-section elementor-element elementor-element-05c8484 elementor-section-full_width elementor-section-content-middle elementor-section-stretched elementor-reverse-mobile elementor-section-height-default elementor-section-height-default\" data-id=\"05c8484\" data-element_type=\"section\" data-settings=\"{&quot;stretch_section&quot;:&quot;section-stretched&quot;}\">\n\t\t\t\t\t\t<div class=\"elementor-container elementor-column-gap-no\">\n\t\t\t\t\t<div class=\"elementor-column elementor-col-50 elementor-top-column elementor-element elementor-element-0592f4d\" data-id=\"0592f4d\" data-element_type=\"column\" data-settings=\"{&quot;background_background&quot;:&quot;classic&quot;}\">\n\t\t\t<div class=\"elementor-widget-wrap elementor-element-populated\">\n\t\t\t\t\t\t<div class=\"elementor-element elementor-element-d04eb4e elementor-widget elementor-widget-spacer\" data-id=\"d04eb4e\" data-element_type=\"widget\" data-widget_type=\"spacer.default\">\n\t\t\t\t<div class=\"elementor-widget-container\">\n\t\t\t\t\t\t\t<div class=\"elementor-spacer\">\n\t\t\t<div class=\"elementor-spacer-inner\"><\/div>\n\t\t<\/div>\n\t\t\t\t\t\t<\/div>\n\t\t\t\t<\/div>\n\t\t\t\t\t<\/div>\n\t\t<\/div>\n\t\t\t\t<div class=\"elementor-column elementor-col-50 elementor-top-column elementor-element elementor-element-6c18af7\" data-id=\"6c18af7\" data-element_type=\"column\" data-settings=\"{&quot;background_background&quot;:&quot;classic&quot;}\">\n\t\t\t<div class=\"elementor-widget-wrap elementor-element-populated\">\n\t\t\t\t\t\t<div class=\"elementor-element elementor-element-32d910b elementor-widget elementor-widget-text-editor\" data-id=\"32d910b\" data-element_type=\"widget\" data-widget_type=\"text-editor.default\">\n\t\t\t\t<div class=\"elementor-widget-container\">\n\t\t\t\t\t\t\t\t\t<h4 class=\"themecolor\">02<\/h4>\t\t\t\t\t\t\t\t<\/div>\n\t\t\t\t<\/div>\n\t\t\t\t<div class=\"elementor-element elementor-element-8a7129a elementor-widget elementor-widget-text-editor\" data-id=\"8a7129a\" data-element_type=\"widget\" data-widget_type=\"text-editor.default\">\n\t\t\t\t<div class=\"elementor-widget-container\">\n\t\t\t\t\t\t\t\t\t<h2>Salto De Obst\u00e1culos<\/h2>\t\t\t\t\t\t\t\t<\/div>\n\t\t\t\t<\/div>\n\t\t\t\t<div class=\"elementor-element elementor-element-9353605 elementor-widget elementor-widget-text-editor\" data-id=\"9353605\" data-element_type=\"widget\" data-widget_type=\"text-editor.default\">\n\t\t\t\t<div class=\"elementor-widget-container\">\n\t\t\t\t\t\t\t\t\t<h6>El objetivo del salto de obst\u00e1culos es demostrar la habilidad, la destreza y la capacidad atl\u00e9tica del jinete y su caballo para sortear los obst\u00e1culos con \u00e9xito y en el menor tiempo posible. Se eval\u00faa la t\u00e9cnica del salto, la elegancia, la coordinaci\u00f3n, la velocidad y la precisi\u00f3n en el recorrido.<\/h6><h6>\u00a0<\/h6>\t\t\t\t\t\t\t\t<\/div>\n\t\t\t\t<\/div>\n\t\t\t\t<div class=\"elementor-element elementor-element-ccbb87a elementor-widget elementor-widget-text-editor\" data-id=\"ccbb87a\" data-element_type=\"widget\" data-widget_type=\"text-editor.default\">\n\t\t\t\t<div class=\"elementor-widget-container\">\n\t\t\t\t\t\t\t\t\t<p>El salto de obst\u00e1culos requiere una estrecha relaci\u00f3n entre el jinete y su caballo, as\u00ed como un entrenamiento riguroso para desarrollar la fuerza, la agilidad y la confianza necesarias para enfrentar los desaf\u00edos del recorrido. Es una disciplina emocionante y espectacular que destaca por la habilidad atl\u00e9tica y la belleza del salto.<\/p>\t\t\t\t\t\t\t\t<\/div>\n\t\t\t\t<\/div>\n\t\t\t\t<div class=\"elementor-element elementor-element-a64e71f elementor-align-left elementor-widget elementor-widget-button\" data-id=\"a64e71f\" data-element_type=\"widget\" data-widget_type=\"button.default\">\n\t\t\t\t<div class=\"elementor-widget-container\">\n\t\t\t\t\t\t\t\t\t<div class=\"elementor-button-wrapper\">\n\t\t\t\t\t<a class=\"elementor-button elementor-button-link elementor-size-sm\" href=\"https:\/\/centroecuestrelasdehesillas.com\/index.php\/contacto\/\">\n\t\t\t\t\t\t<span class=\"elementor-button-content-wrapper\">\n\t\t\t\t\t\t<span class=\"elementor-button-icon\">\n\t\t\t\t<i aria-hidden=\"true\" class=\"fas fa-angle-right\"><\/i>\t\t\t<\/span>\n\t\t\t\t\t\t\t\t\t<span class=\"elementor-button-text\">Cont\u00e1ctanos<\/span>\n\t\t\t\t\t<\/span>\n\t\t\t\t\t<\/a>\n\t\t\t\t<\/div>\n\t\t\t\t\t\t\t\t<\/div>\n\t\t\t\t<\/div>\n\t\t\t\t\t<\/div>\n\t\t<\/div>\n\t\t\t\t\t<\/div>\n\t\t<\/section>\n\t\t\t\t<section class=\"elementor-section elementor-top-section elementor-element elementor-element-8952e5a elementor-section-stretched elementor-section-boxed elementor-section-height-default elementor-section-height-default\" data-id=\"8952e5a\" data-element_type=\"section\" data-settings=\"{&quot;stretch_section&quot;:&quot;section-stretched&quot;,&quot;background_background&quot;:&quot;classic&quot;}\">\n\t\t\t\t\t\t<div class=\"elementor-container elementor-column-gap-wider\">\n\t\t\t\t\t<div class=\"elementor-column elementor-col-100 elementor-top-column elementor-element elementor-element-69f2a54\" data-id=\"69f2a54\" data-element_type=\"column\">\n\t\t\t<div class=\"elementor-widget-wrap elementor-element-populated\">\n\t\t\t\t\t\t<section class=\"elementor-section elementor-inner-section elementor-element elementor-element-c7a7b04 elementor-section-boxed elementor-section-height-default elementor-section-height-default\" data-id=\"c7a7b04\" data-element_type=\"section\">\n\t\t\t\t\t\t<div class=\"elementor-container elementor-column-gap-default\">\n\t\t\t\t\t<div class=\"elementor-column elementor-col-50 elementor-inner-column elementor-element elementor-element-85f26a5\" data-id=\"85f26a5\" data-element_type=\"column\">\n\t\t\t<div class=\"elementor-widget-wrap elementor-element-populated\">\n\t\t\t\t\t\t<div class=\"elementor-element elementor-element-62d7da4 elementor-widget elementor-widget-text-editor\" data-id=\"62d7da4\" data-element_type=\"widget\" data-widget_type=\"text-editor.default\">\n\t\t\t\t<div class=\"elementor-widget-container\">\n\t\t\t\t\t\t\t\t\t<h2><span style=\"color: #40362F;\">Suscr\u00edbete A Nuestra Newsletter<\/span><\/h2>\t\t\t\t\t\t\t\t<\/div>\n\t\t\t\t<\/div>\n\t\t\t\t<div class=\"elementor-element elementor-element-836c96c elementor-widget elementor-widget-text-editor\" data-id=\"836c96c\" data-element_type=\"widget\" data-widget_type=\"text-editor.default\">\n\t\t\t\t<div class=\"elementor-widget-container\">\n\t\t\t\t\t\t\t\t\t<h6>Recibe en tu correo las \u00faltimas noticias sobre el mundo del caballo, inclu\u00eddo los pr\u00f3ximos concursos.<\/h6>\t\t\t\t\t\t\t\t<\/div>\n\t\t\t\t<\/div>\n\t\t\t\t<div class=\"elementor-element elementor-element-2e81479 elementor-widget elementor-widget-shortcode\" data-id=\"2e81479\" data-element_type=\"widget\" data-widget_type=\"shortcode.default\">\n\t\t\t\t<div class=\"elementor-widget-container\">\n\t\t\t\t\t\t\t<div class=\"elementor-shortcode\">\n<div class=\"wpcf7 no-js\" id=\"wpcf7-f51-o1\" lang=\"en-US\" dir=\"ltr\" data-wpcf7-id=\"51\">\n<div class=\"screen-reader-response\"><p role=\"status\" aria-live=\"polite\" aria-atomic=\"true\"><\/p> <ul><\/ul><\/div>\n<form action=\"\/index.php\/wp-json\/wp\/v2\/pages\/43#wpcf7-f51-o1\" method=\"post\" class=\"wpcf7-form init\" aria-label=\"Contact form\" novalidate=\"novalidate\" data-status=\"init\">\n<fieldset class=\"hidden-fields-container\"><input type=\"hidden\" name=\"_wpcf7\" value=\"51\" \/><input type=\"hidden\" name=\"_wpcf7_version\" value=\"6.1.1\" \/><input type=\"hidden\" name=\"_wpcf7_locale\" value=\"en_US\" \/><input type=\"hidden\" name=\"_wpcf7_unit_tag\" value=\"wpcf7-f51-o1\" \/><input type=\"hidden\" name=\"_wpcf7_container_post\" value=\"0\" \/><input type=\"hidden\" name=\"_wpcf7_posted_data_hash\" value=\"\" \/>\n<\/fieldset>\n<div class=\"horse2-newsletter\">\n\t<div class=\"column one\">\n\t\t<p><span class=\"wpcf7-form-control-wrap\" data-name=\"your-email\"><input size=\"40\" maxlength=\"400\" class=\"wpcf7-form-control wpcf7-email wpcf7-validates-as-required wpcf7-text wpcf7-validates-as-email\" aria-required=\"true\" aria-invalid=\"false\" placeholder=\"E-mail\" value=\"\" type=\"email\" name=\"your-email\" \/><\/span>\n\t\t<\/p>\n\t<\/div>\n\t<div class=\"column one\">\n\t\t<p><input class=\"wpcf7-form-control wpcf7-submit has-spinner button_full_width\" type=\"submit\" value=\"Registrarme\" \/>\n\t\t<\/p>\n\t<\/div>\n<\/div><div class=\"wpcf7-response-output\" aria-hidden=\"true\"><\/div>\n<\/form>\n<\/div>\n<\/div>\n\t\t\t\t\t\t<\/div>\n\t\t\t\t<\/div>\n\t\t\t\t\t<\/div>\n\t\t<\/div>\n\t\t\t\t<div class=\"elementor-column elementor-col-50 elementor-inner-column elementor-element elementor-element-2e66eb0\" data-id=\"2e66eb0\" data-element_type=\"column\">\n\t\t\t<div class=\"elementor-widget-wrap elementor-element-populated\">\n\t\t\t\t\t\t<div class=\"elementor-element elementor-element-46a69e8 elementor-widget elementor-widget-spacer\" data-id=\"46a69e8\" data-element_type=\"widget\" data-widget_type=\"spacer.default\">\n\t\t\t\t<div class=\"elementor-widget-container\">\n\t\t\t\t\t\t\t<div class=\"elementor-spacer\">\n\t\t\t<div class=\"elementor-spacer-inner\"><\/div>\n\t\t<\/div>\n\t\t\t\t\t\t<\/div>\n\t\t\t\t<\/div>\n\t\t\t\t\t<\/div>\n\t\t<\/div>\n\t\t\t\t\t<\/div>\n\t\t<\/section>\n\t\t\t\t\t<\/div>\n\t\t<\/div>\n\t\t\t\t\t<\/div>\n\t\t<\/section>\n\t\t\t\t<\/div>\n\t\t","protected":false},"excerpt":{"rendered":"<p>Entrenamos A Tu Caballo En Centro Ecuestre Las Dehesillas, entrenamos a tu caballo desde el desbrave hasta la competici\u00f3n, en las dos disciplinas ol\u00edmpicas: Doma Clasica<span class=\"excerpt-hellip\"> [\u2026]<\/span><\/p>\n","protected":false},"author":1,"featured_media":0,"parent":135,"menu_order":0,"comment_status":"open","ping_status":"closed","template":"","meta":{"_monsterinsights_skip_tracking":false,"_monsterinsights_sitenote_active":false,"_monsterinsights_sitenote_note":"","_monsterinsights_sitenote_category":0,"footnotes":""},"class_list":["post-43","page","type-page","status-publish","hentry"],"_links":{"self":[{"href":"https:\/\/centroecuestrelasdehesillas.com\/index.php\/wp-json\/wp\/v2\/pages\/43","targetHints":{"allow":["GET"]}}],"collection":[{"href":"https:\/\/centroecuestrelasdehesillas.com\/index.php\/wp-json\/wp\/v2\/pages"}],"about":[{"href":"https:\/\/centroecuestrelasdehesillas.com\/index.php\/wp-json\/wp\/v2\/types\/page"}],"author":[{"embeddable":true,"href":"https:\/\/centroecuestrelasdehesillas.com\/index.php\/wp-json\/wp\/v2\/users\/1"}],"replies":[{"embeddable":true,"href":"https:\/\/centroecuestrelasdehesillas.com\/index.php\/wp-json\/wp\/v2\/comments?post=43"}],"version-history":[{"count":18,"href":"https:\/\/centroecuestrelasdehesillas.com\/index.php\/wp-json\/wp\/v2\/pages\/43\/revisions"}],"predecessor-version":[{"id":4142,"href":"https:\/\/centroecuestrelasdehesillas.com\/index.php\/wp-json\/wp\/v2\/pages\/43\/revisions\/4142"}],"up":[{"embeddable":true,"href":"https:\/\/centroecuestrelasdehesillas.com\/index.php\/wp-json\/wp\/v2\/pages\/135"}],"wp:attachment":[{"href":"https:\/\/centroecuestrelasdehesillas.com\/index.php\/wp-json\/wp\/v2\/media?parent=43"}],"curies":[{"name":"wp","href":"https:\/\/api.w.org\/{rel}","templated":true}]}}