{"id":4159,"date":"2023-06-01T16:57:39","date_gmt":"2023-06-01T16:57:39","guid":{"rendered":"https:\/\/centroecuestrelasdehesillas.com\/?page_id=4159"},"modified":"2023-06-01T17:03:37","modified_gmt":"2023-06-01T17:03:37","slug":"rutas-a-caballo","status":"publish","type":"page","link":"https:\/\/centroecuestrelasdehesillas.com\/index.php\/rutas-a-caballo\/","title":{"rendered":"Rutas A Caballo"},"content":{"rendered":"\t\t<div data-elementor-type=\"wp-page\" data-elementor-id=\"4159\" class=\"elementor elementor-4159\">\n\t\t\t\t\t\t<section class=\"elementor-section elementor-top-section elementor-element elementor-element-f51bcf7 elementor-section-boxed elementor-section-height-default elementor-section-height-default\" data-id=\"f51bcf7\" data-element_type=\"section\">\n\t\t\t\t\t\t<div class=\"elementor-container elementor-column-gap-default\">\n\t\t\t\t\t<div class=\"elementor-column elementor-col-100 elementor-top-column elementor-element elementor-element-449ac13\" data-id=\"449ac13\" data-element_type=\"column\">\n\t\t\t<div class=\"elementor-widget-wrap elementor-element-populated\">\n\t\t\t\t\t\t<section class=\"elementor-section elementor-inner-section elementor-element elementor-element-f78e238 elementor-section-boxed elementor-section-height-default elementor-section-height-default\" data-id=\"f78e238\" data-element_type=\"section\">\n\t\t\t\t\t\t<div class=\"elementor-container elementor-column-gap-default\">\n\t\t\t\t\t<div class=\"elementor-column elementor-col-50 elementor-inner-column elementor-element elementor-element-ad6be85\" data-id=\"ad6be85\" data-element_type=\"column\">\n\t\t\t<div class=\"elementor-widget-wrap elementor-element-populated\">\n\t\t\t\t\t\t<div class=\"elementor-element elementor-element-b9cc4c0 elementor-widget elementor-widget-heading\" data-id=\"b9cc4c0\" data-element_type=\"widget\" data-widget_type=\"heading.default\">\n\t\t\t\t<div class=\"elementor-widget-container\">\n\t\t\t\t\t<h2 class=\"elementor-heading-title elementor-size-default\">Disfruta De los Animales Y la Naturaleza Con Nuestras Rutas A Caballo.<br><br><\/h2>\t\t\t\t<\/div>\n\t\t\t\t<\/div>\n\t\t\t\t<div class=\"elementor-element elementor-element-f44051e elementor-widget elementor-widget-text-editor\" data-id=\"f44051e\" data-element_type=\"widget\" data-widget_type=\"text-editor.default\">\n\t\t\t\t<div class=\"elementor-widget-container\">\n\t\t\t\t\t\t\t\t\t<p>Si eres un amante de los animales y te gusta sentirte cerca de la naturaleza, una excursi\u00f3n a caballo es sin duda la actividad perfecta. Ofrecemos caballos y un entorno incomparable para que disfrutes del paisaje y de esta incre\u00edble actividad.<\/p><p>Contamos con instructores titulados profesionales que te atender\u00e1, ense\u00f1ar\u00e1 y te ofrecer\u00e1 una actividad divertida, que te ayudar\u00e1 a desconectar de la rutina diaria. Adem\u00e1s nos adaptaremos a cualquier nivel de experiencia.<\/p>\t\t\t\t\t\t\t\t<\/div>\n\t\t\t\t<\/div>\n\t\t\t\t\t<\/div>\n\t\t<\/div>\n\t\t\t\t<div class=\"elementor-column elementor-col-50 elementor-inner-column elementor-element elementor-element-5424f89\" data-id=\"5424f89\" data-element_type=\"column\">\n\t\t\t<div class=\"elementor-widget-wrap elementor-element-populated\">\n\t\t\t\t\t\t<div class=\"elementor-element elementor-element-784632b elementor-widget elementor-widget-image\" data-id=\"784632b\" data-element_type=\"widget\" data-widget_type=\"image.default\">\n\t\t\t\t<div class=\"elementor-widget-container\">\n\t\t\t\t\t\t\t\t\t\t\t\t\t\t\t<img fetchpriority=\"high\" decoding=\"async\" width=\"684\" height=\"1024\" src=\"https:\/\/centroecuestrelasdehesillas.com\/wp-content\/uploads\/2023\/05\/DEHESILLAS-12-scaled.jpg\" class=\"attachment-large size-large wp-image-112\" alt=\"\" \/>\t\t\t\t\t\t\t\t\t\t\t\t\t\t\t<\/div>\n\t\t\t\t<\/div>\n\t\t\t\t\t<\/div>\n\t\t<\/div>\n\t\t\t\t\t<\/div>\n\t\t<\/section>\n\t\t\t\t\t<\/div>\n\t\t<\/div>\n\t\t\t\t\t<\/div>\n\t\t<\/section>\n\t\t\t\t<section class=\"elementor-section elementor-top-section elementor-element elementor-element-2d4df4d elementor-section-boxed elementor-section-height-default elementor-section-height-default\" data-id=\"2d4df4d\" data-element_type=\"section\">\n\t\t\t\t\t\t<div class=\"elementor-container elementor-column-gap-default\">\n\t\t\t\t\t<div class=\"elementor-column elementor-col-100 elementor-top-column elementor-element elementor-element-6f74f43\" data-id=\"6f74f43\" data-element_type=\"column\">\n\t\t\t<div class=\"elementor-widget-wrap elementor-element-populated\">\n\t\t\t\t\t\t<div class=\"elementor-element elementor-element-4e27815 elementor-widget elementor-widget-heading\" data-id=\"4e27815\" data-element_type=\"widget\" data-widget_type=\"heading.default\">\n\t\t\t\t<div class=\"elementor-widget-container\">\n\t\t\t\t\t<h2 class=\"elementor-heading-title elementor-size-default\">Conoce Nuestras Pr\u00f3ximas Rutas<\/h2>\t\t\t\t<\/div>\n\t\t\t\t<\/div>\n\t\t\t\t<div class=\"elementor-element elementor-element-f70c07c elementor-grid-3 elementor-grid-tablet-2 elementor-grid-mobile-1 elementor-posts--thumbnail-top elementor-widget elementor-widget-posts\" data-id=\"f70c07c\" data-element_type=\"widget\" data-settings=\"{&quot;classic_columns&quot;:&quot;3&quot;,&quot;classic_columns_tablet&quot;:&quot;2&quot;,&quot;classic_columns_mobile&quot;:&quot;1&quot;,&quot;classic_row_gap&quot;:{&quot;unit&quot;:&quot;px&quot;,&quot;size&quot;:35,&quot;sizes&quot;:[]},&quot;classic_row_gap_tablet&quot;:{&quot;unit&quot;:&quot;px&quot;,&quot;size&quot;:&quot;&quot;,&quot;sizes&quot;:[]},&quot;classic_row_gap_mobile&quot;:{&quot;unit&quot;:&quot;px&quot;,&quot;size&quot;:&quot;&quot;,&quot;sizes&quot;:[]}}\" data-widget_type=\"posts.classic\">\n\t\t\t\t<div class=\"elementor-widget-container\">\n\t\t\t\t\t\t\t<div class=\"elementor-posts-container elementor-posts elementor-posts--skin-classic elementor-grid\">\n\t\t\t\t<article class=\"elementor-post elementor-grid-item post-4298 post type-post status-publish format-standard has-post-thumbnail hentry category-campamentos category-equitacion category-rutas-a-caballo\">\n\t\t\t\t<a class=\"elementor-post__thumbnail__link\" href=\"https:\/\/centroecuestrelasdehesillas.com\/index.php\/2023\/12\/05\/puente-de-diciembre-a-caballo\/\" >\n\t\t\t<div class=\"elementor-post__thumbnail\"><img decoding=\"async\" width=\"212\" height=\"300\" data-src=\"https:\/\/centroecuestrelasdehesillas.com\/wp-content\/uploads\/2023\/12\/Puente-Diciembre-212x300.jpeg\" class=\"attachment-medium size-medium wp-image-4299 lazyload\" alt=\"\" data-srcset=\"https:\/\/centroecuestrelasdehesillas.com\/wp-content\/uploads\/2023\/12\/Puente-Diciembre-212x300.jpeg 212w, https:\/\/centroecuestrelasdehesillas.com\/wp-content\/uploads\/2023\/12\/Puente-Diciembre-103x146.jpeg 103w, https:\/\/centroecuestrelasdehesillas.com\/wp-content\/uploads\/2023\/12\/Puente-Diciembre-35x50.jpeg 35w, https:\/\/centroecuestrelasdehesillas.com\/wp-content\/uploads\/2023\/12\/Puente-Diciembre-53x75.jpeg 53w, https:\/\/centroecuestrelasdehesillas.com\/wp-content\/uploads\/2023\/12\/Puente-Diciembre-480x678.jpeg 480w, https:\/\/centroecuestrelasdehesillas.com\/wp-content\/uploads\/2023\/12\/Puente-Diciembre.jpeg 708w\" data-sizes=\"(max-width:767px) 212px, 212px\" src=\"data:image\/svg+xml;base64,PHN2ZyB3aWR0aD0iMSIgaGVpZ2h0PSIxIiB4bWxucz0iaHR0cDovL3d3dy53My5vcmcvMjAwMC9zdmciPjwvc3ZnPg==\" style=\"--smush-placeholder-width: 212px; --smush-placeholder-aspect-ratio: 212\/300;\" \/><\/div>\n\t\t<\/a>\n\t\t\t\t<div class=\"elementor-post__text\">\n\t\t\t\t<h3 class=\"elementor-post__title\">\n\t\t\t<a href=\"https:\/\/centroecuestrelasdehesillas.com\/index.php\/2023\/12\/05\/puente-de-diciembre-a-caballo\/\" >\n\t\t\t\tPuente De Diciembre A Caballo\t\t\t<\/a>\n\t\t<\/h3>\n\t\t\t\t<div class=\"elementor-post__meta-data\">\n\t\t\t\t\t<span class=\"elementor-post-date\">\n\t\t\tdiciembre 5, 2023\t\t<\/span>\n\t\t\t\t<span class=\"elementor-post-avatar\">\n\t\t\tNo hay comentarios\t\t<\/span>\n\t\t\t\t<\/div>\n\t\t\t\t<div class=\"elementor-post__excerpt\">\n\t\t\t\t\t<\/div>\n\t\t\n\t\t<a class=\"elementor-post__read-more\" href=\"https:\/\/centroecuestrelasdehesillas.com\/index.php\/2023\/12\/05\/puente-de-diciembre-a-caballo\/\" aria-label=\"Read more about Puente De Diciembre A Caballo\" >\n\t\t\tSaber M\u00e1s\t\t<\/a>\n\n\t\t\t\t<\/div>\n\t\t\t\t<\/article>\n\t\t\t\t<\/div>\n\t\t\n\t\t\t\t\t\t<\/div>\n\t\t\t\t<\/div>\n\t\t\t\t\t<\/div>\n\t\t<\/div>\n\t\t\t\t\t<\/div>\n\t\t<\/section>\n\t\t\t\t<\/div>\n\t\t","protected":false},"excerpt":{"rendered":"<p>Disfruta De los Animales Y la Naturaleza Con Nuestras Rutas A Caballo. Si eres un amante de los animales y te gusta sentirte cerca de la<span class=\"excerpt-hellip\"> [\u2026]<\/span><\/p>\n","protected":false},"author":1,"featured_media":0,"parent":0,"menu_order":0,"comment_status":"closed","ping_status":"closed","template":"","meta":{"_monsterinsights_skip_tracking":false,"_monsterinsights_sitenote_active":false,"_monsterinsights_sitenote_note":"","_monsterinsights_sitenote_category":0,"footnotes":""},"class_list":["post-4159","page","type-page","status-publish","hentry"],"_links":{"self":[{"href":"https:\/\/centroecuestrelasdehesillas.com\/index.php\/wp-json\/wp\/v2\/pages\/4159","targetHints":{"allow":["GET"]}}],"collection":[{"href":"https:\/\/centroecuestrelasdehesillas.com\/index.php\/wp-json\/wp\/v2\/pages"}],"about":[{"href":"https:\/\/centroecuestrelasdehesillas.com\/index.php\/wp-json\/wp\/v2\/types\/page"}],"author":[{"embeddable":true,"href":"https:\/\/centroecuestrelasdehesillas.com\/index.php\/wp-json\/wp\/v2\/users\/1"}],"replies":[{"embeddable":true,"href":"https:\/\/centroecuestrelasdehesillas.com\/index.php\/wp-json\/wp\/v2\/comments?post=4159"}],"version-history":[{"count":7,"href":"https:\/\/centroecuestrelasdehesillas.com\/index.php\/wp-json\/wp\/v2\/pages\/4159\/revisions"}],"predecessor-version":[{"id":4166,"href":"https:\/\/centroecuestrelasdehesillas.com\/index.php\/wp-json\/wp\/v2\/pages\/4159\/revisions\/4166"}],"wp:attachment":[{"href":"https:\/\/centroecuestrelasdehesillas.com\/index.php\/wp-json\/wp\/v2\/media?parent=4159"}],"curies":[{"name":"wp","href":"https:\/\/api.w.org\/{rel}","templated":true}]}}