{"id":4147,"date":"2023-06-01T16:54:22","date_gmt":"2023-06-01T16:54:22","guid":{"rendered":"https:\/\/centroecuestrelasdehesillas.com\/?page_id=4147"},"modified":"2023-06-01T16:55:19","modified_gmt":"2023-06-01T16:55:19","slug":"cumpleanos","status":"publish","type":"page","link":"https:\/\/centroecuestrelasdehesillas.com\/index.php\/cumpleanos\/","title":{"rendered":"Cumplea\u00f1os"},"content":{"rendered":"\t\t<div data-elementor-type=\"wp-page\" data-elementor-id=\"4147\" class=\"elementor elementor-4147\">\n\t\t\t\t\t\t<section class=\"elementor-section elementor-top-section elementor-element elementor-element-de28650 elementor-section-boxed elementor-section-height-default elementor-section-height-default\" data-id=\"de28650\" data-element_type=\"section\">\n\t\t\t\t\t\t<div class=\"elementor-container elementor-column-gap-default\">\n\t\t\t\t\t<div class=\"elementor-column elementor-col-100 elementor-top-column elementor-element elementor-element-7f175b4\" data-id=\"7f175b4\" data-element_type=\"column\">\n\t\t\t<div class=\"elementor-widget-wrap elementor-element-populated\">\n\t\t\t\t\t\t<div class=\"elementor-element elementor-element-6e45c7d elementor-widget elementor-widget-heading\" data-id=\"6e45c7d\" data-element_type=\"widget\" data-widget_type=\"heading.default\">\n\t\t\t\t<div class=\"elementor-widget-container\">\n\t\t\t\t\t<h2 class=\"elementor-heading-title elementor-size-default\">\u00a1Celebra tu cumplea\u00f1os con nosotros!<br><\/h2>\t\t\t\t<\/div>\n\t\t\t\t<\/div>\n\t\t\t\t<div class=\"elementor-element elementor-element-7ff6785 elementor-widget-divider--view-line elementor-widget elementor-widget-divider\" data-id=\"7ff6785\" data-element_type=\"widget\" data-widget_type=\"divider.default\">\n\t\t\t\t<div class=\"elementor-widget-container\">\n\t\t\t\t\t\t\t<div class=\"elementor-divider\">\n\t\t\t<span class=\"elementor-divider-separator\">\n\t\t\t\t\t\t<\/span>\n\t\t<\/div>\n\t\t\t\t\t\t<\/div>\n\t\t\t\t<\/div>\n\t\t\t\t<section class=\"elementor-section elementor-inner-section elementor-element elementor-element-1f05df4 elementor-section-boxed elementor-section-height-default elementor-section-height-default\" data-id=\"1f05df4\" data-element_type=\"section\">\n\t\t\t\t\t\t<div class=\"elementor-container elementor-column-gap-default\">\n\t\t\t\t\t<div class=\"elementor-column elementor-col-50 elementor-inner-column elementor-element elementor-element-34f6f27\" data-id=\"34f6f27\" data-element_type=\"column\">\n\t\t\t<div class=\"elementor-widget-wrap elementor-element-populated\">\n\t\t\t\t\t\t<div class=\"elementor-element elementor-element-2269f5d elementor-widget elementor-widget-image\" data-id=\"2269f5d\" data-element_type=\"widget\" data-widget_type=\"image.default\">\n\t\t\t\t<div class=\"elementor-widget-container\">\n\t\t\t\t\t\t\t\t\t\t\t\t\t\t\t<img fetchpriority=\"high\" decoding=\"async\" width=\"1024\" height=\"1024\" src=\"https:\/\/centroecuestrelasdehesillas.com\/wp-content\/uploads\/2023\/06\/IG-Post-for-Birthdays-2-1024x1024.png\" class=\"attachment-large size-large wp-image-4150\" alt=\"\" srcset=\"https:\/\/centroecuestrelasdehesillas.com\/wp-content\/uploads\/2023\/06\/IG-Post-for-Birthdays-2-1024x1024.png 1024w, https:\/\/centroecuestrelasdehesillas.com\/wp-content\/uploads\/2023\/06\/IG-Post-for-Birthdays-2-300x300.png 300w, https:\/\/centroecuestrelasdehesillas.com\/wp-content\/uploads\/2023\/06\/IG-Post-for-Birthdays-2-150x150.png 150w, https:\/\/centroecuestrelasdehesillas.com\/wp-content\/uploads\/2023\/06\/IG-Post-for-Birthdays-2-768x768.png 768w, https:\/\/centroecuestrelasdehesillas.com\/wp-content\/uploads\/2023\/06\/IG-Post-for-Birthdays-2-146x146.png 146w, https:\/\/centroecuestrelasdehesillas.com\/wp-content\/uploads\/2023\/06\/IG-Post-for-Birthdays-2-50x50.png 50w, https:\/\/centroecuestrelasdehesillas.com\/wp-content\/uploads\/2023\/06\/IG-Post-for-Birthdays-2-75x75.png 75w, https:\/\/centroecuestrelasdehesillas.com\/wp-content\/uploads\/2023\/06\/IG-Post-for-Birthdays-2-85x85.png 85w, https:\/\/centroecuestrelasdehesillas.com\/wp-content\/uploads\/2023\/06\/IG-Post-for-Birthdays-2-80x80.png 80w, https:\/\/centroecuestrelasdehesillas.com\/wp-content\/uploads\/2023\/06\/IG-Post-for-Birthdays-2-480x480.png 480w, https:\/\/centroecuestrelasdehesillas.com\/wp-content\/uploads\/2023\/06\/IG-Post-for-Birthdays-2-800x800.png 800w, https:\/\/centroecuestrelasdehesillas.com\/wp-content\/uploads\/2023\/06\/IG-Post-for-Birthdays-2.png 1080w\" sizes=\"(max-width:767px) 480px, (max-width:1024px) 100vw, 1024px\" \/>\t\t\t\t\t\t\t\t\t\t\t\t\t\t\t<\/div>\n\t\t\t\t<\/div>\n\t\t\t\t\t<\/div>\n\t\t<\/div>\n\t\t\t\t<div class=\"elementor-column elementor-col-50 elementor-inner-column elementor-element elementor-element-2cd4cc8\" data-id=\"2cd4cc8\" data-element_type=\"column\">\n\t\t\t<div class=\"elementor-widget-wrap elementor-element-populated\">\n\t\t\t\t\t\t<div class=\"elementor-element elementor-element-cd2368e elementor-widget elementor-widget-heading\" data-id=\"cd2368e\" data-element_type=\"widget\" data-widget_type=\"heading.default\">\n\t\t\t\t<div class=\"elementor-widget-container\">\n\t\t\t\t\t<h4 class=\"elementor-heading-title elementor-size-default\">Celebra un cunmplea\u00f1os diferente:\n<\/h4>\t\t\t\t<\/div>\n\t\t\t\t<\/div>\n\t\t\t\t<div class=\"elementor-element elementor-element-b7ba391 elementor-widget elementor-widget-text-editor\" data-id=\"b7ba391\" data-element_type=\"widget\" data-widget_type=\"text-editor.default\">\n\t\t\t\t<div class=\"elementor-widget-container\">\n\t\t\t\t\t\t\t\t\t<p>\u00a0<\/p><p>En el centro Ecuestre las Dehesillas organizamos tu fiesta de cumplea\u00f1os. Podr\u00e1s compartir con tus amigos no s\u00f3lo una estupenda merienda, sino tambi\u00e9n un rato muy divertido con nuestros caballos.\u00a0<\/p><p>Aprender\u00e1s a limpiarlos y ensillarlos y, despu\u00e9s de dar un paseo montados en ellos, los guardaremos y les daremos de comer.\u00a0<\/p><p>Finalmente, nos iremos todos juntos a merendar.<\/p>\t\t\t\t\t\t\t\t<\/div>\n\t\t\t\t<\/div>\n\t\t\t\t\t<\/div>\n\t\t<\/div>\n\t\t\t\t\t<\/div>\n\t\t<\/section>\n\t\t\t\t\t<\/div>\n\t\t<\/div>\n\t\t\t\t\t<\/div>\n\t\t<\/section>\n\t\t\t\t<\/div>\n\t\t","protected":false},"excerpt":{"rendered":"<p>\u00a1Celebra tu cumplea\u00f1os con nosotros! Celebra un cunmplea\u00f1os diferente: \u00a0 En el centro Ecuestre las Dehesillas organizamos tu fiesta de cumplea\u00f1os. Podr\u00e1s compartir con tus amigos<span class=\"excerpt-hellip\"> [\u2026]<\/span><\/p>\n","protected":false},"author":1,"featured_media":0,"parent":0,"menu_order":0,"comment_status":"closed","ping_status":"closed","template":"","meta":{"_monsterinsights_skip_tracking":false,"_monsterinsights_sitenote_active":false,"_monsterinsights_sitenote_note":"","_monsterinsights_sitenote_category":0,"footnotes":""},"class_list":["post-4147","page","type-page","status-publish","hentry"],"_links":{"self":[{"href":"https:\/\/centroecuestrelasdehesillas.com\/index.php\/wp-json\/wp\/v2\/pages\/4147","targetHints":{"allow":["GET"]}}],"collection":[{"href":"https:\/\/centroecuestrelasdehesillas.com\/index.php\/wp-json\/wp\/v2\/pages"}],"about":[{"href":"https:\/\/centroecuestrelasdehesillas.com\/index.php\/wp-json\/wp\/v2\/types\/page"}],"author":[{"embeddable":true,"href":"https:\/\/centroecuestrelasdehesillas.com\/index.php\/wp-json\/wp\/v2\/users\/1"}],"replies":[{"embeddable":true,"href":"https:\/\/centroecuestrelasdehesillas.com\/index.php\/wp-json\/wp\/v2\/comments?post=4147"}],"version-history":[{"count":8,"href":"https:\/\/centroecuestrelasdehesillas.com\/index.php\/wp-json\/wp\/v2\/pages\/4147\/revisions"}],"predecessor-version":[{"id":4157,"href":"https:\/\/centroecuestrelasdehesillas.com\/index.php\/wp-json\/wp\/v2\/pages\/4147\/revisions\/4157"}],"wp:attachment":[{"href":"https:\/\/centroecuestrelasdehesillas.com\/index.php\/wp-json\/wp\/v2\/media?parent=4147"}],"curies":[{"name":"wp","href":"https:\/\/api.w.org\/{rel}","templated":true}]}}