{"id":202,"date":"2023-05-17T19:54:56","date_gmt":"2023-05-17T19:54:56","guid":{"rendered":"https:\/\/centroecuestrelasdehesillas.com\/?page_id=202"},"modified":"2023-06-15T11:44:16","modified_gmt":"2023-06-15T11:44:16","slug":"escuela-de-equitacion","status":"publish","type":"page","link":"https:\/\/centroecuestrelasdehesillas.com\/index.php\/escuela-de-equitacion\/","title":{"rendered":"Escuela De Equitaci\u00f3n"},"content":{"rendered":"\n<h5 class=\"wp-block-heading\"><strong>Las clases se dividen en:<\/strong><\/h5>\n\n\n\n<h3 class=\"wp-block-heading\"><strong>\u2013 Poniclub:<\/strong><\/h3>\n\n\n\n<ul class=\"wp-block-list\">\n<li>Para ni\u00f1os y ni\u00f1as&nbsp;<strong>a partir de 3 a\u00f1os<\/strong>&nbsp;con amor por los animales y predilecci\u00f3n\u2026\u00a1por los ponis o caballos!<\/li>\n\n\n\n<li>Clases de m\u00e1ximo&nbsp;<strong>30 minutos<\/strong>&nbsp;en grupos reducidos.<\/li>\n\n\n\n<li><strong>Equipaci\u00f3n necesaria<\/strong>: casco, botas, pantal\u00f3n y chaleco protector. (La equipaci\u00f3n no es imprescindible para el primer d\u00eda).<\/li>\n\n\n\n<li>Es&nbsp;<strong>obligatorio federarse<\/strong>&nbsp;o obtener un seguro de accidente (se realiza en el centro).<\/li>\n\n\n\n<li>Posibilidad de&nbsp;cambiar de d\u00eda u hora&nbsp;una clase, pero es obligatorio&nbsp;<strong>avisar con un m\u00ednimo de 24h de antelaci\u00f3n<\/strong>. Si no, se cuenta como dada y no se recupera.<\/li>\n<\/ul>\n\n\n\n<h3 class=\"wp-block-heading\"><strong>\u2013 Iniciaci\u00f3n y nivel Medio.<\/strong><\/h3>\n\n\n\n<ul class=\"wp-block-list\">\n<li>Para ni\u00f1os y ni\u00f1as&nbsp;<strong>a partir de 7 a\u00f1os<\/strong>&nbsp;con ganas de aprender a montar a caballo&nbsp;de forma continuada&nbsp;desde el nivel m\u00e1s b\u00e1sico.<\/li>\n\n\n\n<li>Clases de&nbsp;<strong>50 minutos<\/strong>,<strong>&nbsp;en grupos de m\u00e1ximo 10 alumnos, o clases individuales o d\u00fao.<\/strong><\/li>\n\n\n\n<li><strong>Equipaci\u00f3n necesaria:<\/strong>&nbsp;casco, botas, pantal\u00f3n y de forma opcional el chaleco protector. (La equipaci\u00f3n no es imprescindible para el primer d\u00eda).<\/li>\n\n\n\n<li>Es&nbsp;<strong>obligatorio federarse<\/strong>&nbsp;o obtener un seguro de accidentes (se realiza en el centro).<\/li>\n\n\n\n<li>Posibilidad de&nbsp;cambiar de d\u00eda u hora&nbsp;una clase, pero es obligatorio&nbsp;<strong>avisar con un m\u00ednimo de 24h de antelaci\u00f3n<\/strong>. Si no, se cuenta como dada y no se recupera.<\/li>\n<\/ul>\n\n\n\n<h3 class=\"wp-block-heading\"><strong>\u2013 Doma Cl\u00e1sica o Doma Vaquera:<\/strong><\/h3>\n\n\n\n<ul class=\"wp-block-list\">\n<li>Para aquellos alumnos que ya hayan superado los niveles medios y quieran especializarse en una disciplina.<\/li>\n\n\n\n<li><strong>Se har\u00e1 una prueba individual de nivel<\/strong>&nbsp;para comenzar las clases.<\/li>\n\n\n\n<li>Clases de&nbsp;<strong>50 minutos<\/strong>, dependiendo del trabajo a realizar,&nbsp;<strong>en grupos de m\u00e1ximo 6 alumnos, o en clases individuales o d\u00fao<\/strong>.<\/li>\n\n\n\n<li><strong>Equipaci\u00f3n necesaria:<\/strong>&nbsp;casco, botas, pantal\u00f3n de montar y espuelas.<\/li>\n\n\n\n<li>Es&nbsp;<strong>obligatorio federarse<\/strong>&nbsp;o obtener un seguro de accidentes (se realiza en el centro).<\/li>\n\n\n\n<li>Posibilidad de&nbsp;cambiar de d\u00eda u hora&nbsp;una clase, pero es obligatorio&nbsp;<strong>avisar con un m\u00ednimo de 24h de antelaci\u00f3n<\/strong>. Si no, se cuenta como dada y no se recupera.<\/li>\n<\/ul>\n\n\n\n<h3 class=\"wp-block-heading\"><strong>\u2013 Saltos de Obst\u00e1culos<\/strong><\/h3>\n\n\n\n<ul class=\"wp-block-list\">\n<li>Para aquellos alumnos que ya hayan superado los niveles medios y quieran especializarse en una disciplina.<\/li>\n\n\n\n<li><strong>Se har\u00e1 una prueba individual de nivel<\/strong>&nbsp;para comenzar las clases.<\/li>\n\n\n\n<li>Clases de&nbsp;<strong>50 minutos<\/strong>, dependiendo del trabajo a realizar, en grupos de m\u00e1ximo 6 alumnos, o en clases individuales o d\u00fao.<\/li>\n\n\n\n<li><strong>Equipaci\u00f3n necesaria:<\/strong>&nbsp;casco, botas, pantal\u00f3n de montar, espuelas y chaleco (opcional).<\/li>\n\n\n\n<li>Es&nbsp;<strong>obligatorio federarse<\/strong>&nbsp;o obtener un seguro de accidentes (se realiza en el centro).<\/li>\n\n\n\n<li>Posibilidad de&nbsp;cambiar de d\u00eda u hora&nbsp;una clase, pero es obligatorio&nbsp;<strong>avisar con un m\u00ednimo de 24h de antelaci\u00f3n<\/strong>. Si no, se cuenta como dada y no se recupera.<\/li>\n<\/ul>\n\n\n\n<h2 class=\"wp-block-heading has-text-align-center\">\u00a1Y muchas actividades m\u00e1s\u2026 clausura del curso con una peque\u00f1a fiesta!<\/h2>\n\n\n\n<div class=\"wp-block-buttons is-content-justification-center is-layout-flex wp-container-core-buttons-is-layout-16018d1d wp-block-buttons-is-layout-flex\">\n<div class=\"wp-block-button\"><a class=\"wp-block-button__link wp-element-button\" href=\"https:\/\/centroecuestrelasdehesillas.com\/index.php\/solicitud-para-la-escuela-de-equitacion\/\">\u00a1Solicitar Ya!<\/a><\/div>\n<\/div>\n\n\n\n<div style=\"height:100px\" aria-hidden=\"true\" class=\"wp-block-spacer\"><\/div>\n\n\n<div\n\t\tclass=\"free alignwide alignwide wp-block-ap-block-posts\"\tid='apbAdvancedPosts-1'\n\tdata-nonce='&quot;9b84c8af4d&quot;'\n\tdata-attributes='{&quot;cId&quot;:&quot;45c48d72-4&quot;,&quot;layout&quot;:&quot;slider&quot;,&quot;subLayout&quot;:&quot;left-image&quot;,&quot;columns&quot;:{&quot;desktop&quot;:2,&quot;tablet&quot;:2,&quot;mobile&quot;:1},&quot;selectedCategories&quot;:[3],&quot;contentAlign&quot;:&quot;center&quot;,&quot;sliderIsLoop&quot;:false,&quot;isMeta&quot;:false,&quot;readMoreLabel&quot;:&quot;Leer M\\u00e1s&quot;,&quot;readMoreColors&quot;:{&quot;color&quot;:&quot;#fff&quot;,&quot;bg&quot;:&quot;rgba(37, 27, 50, 1)&quot;,&quot;bgType&quot;:&quot;solid&quot;},&quot;readMoreHovColors&quot;:{&quot;color&quot;:&quot;#fff&quot;,&quot;bg&quot;:&quot;rgba(74, 51, 51, 1)&quot;},&quot;align&quot;:&quot;wide&quot;,&quot;columnGap&quot;:15,&quot;rowGap&quot;:15,&quot;isContentEqualHight&quot;:true,&quot;sliderHeight&quot;:&quot;350px&quot;,&quot;content&quot;:{&quot;height&quot;:&quot;auto&quot;},&quot;postType&quot;:&quot;post&quot;,&quot;selectedTaxonomies&quot;:[],&quot;selectedTags&quot;:[],&quot;isPostsPerPageAll&quot;:false,&quot;postsPerPage&quot;:12,&quot;postsOrderBy&quot;:&quot;date&quot;,&quot;postsOrder&quot;:&quot;desc&quot;,&quot;postsOffset&quot;:0,&quot;postsInclude&quot;:[],&quot;postsExclude&quot;:[],&quot;isExcludeCurrent&quot;:false,&quot;isPagination&quot;:false,&quot;paginationCurrentPage&quot;:1,&quot;paginationPrevLabel&quot;:&quot;Prev&quot;,&quot;paginationNextLabel&quot;:&quot;Next&quot;,&quot;paginationColors&quot;:{&quot;color&quot;:&quot;#fff&quot;,&quot;bg&quot;:&quot;#146EF5&quot;},&quot;paginationHovColors&quot;:{&quot;color&quot;:&quot;#fff&quot;,&quot;bg&quot;:&quot;#070127&quot;},&quot;paginationPadding&quot;:{&quot;vertical&quot;:&quot;8px&quot;,&quot;horizontal&quot;:&quot;15px&quot;},&quot;paginationSpacing&quot;:&quot;15px&quot;,&quot;contentBG&quot;:{&quot;color&quot;:&quot;&quot;},&quot;contentPadding&quot;:{&quot;vertical&quot;:&quot;20px&quot;,&quot;horizontal&quot;:&quot;25px&quot;},&quot;border&quot;:{&quot;width&quot;:&quot;1px&quot;,&quot;color&quot;:&quot;#0c0d3c1a&quot;,&quot;radius&quot;:&quot;5px&quot;},&quot;sliderIsTouchMove&quot;:false,&quot;sliderIsAutoplay&quot;:true,&quot;sliderAutoplayOptions&quot;:{&quot;delay&quot;:1.5},&quot;sliderSpeed&quot;:1.5,&quot;sliderEffect&quot;:&quot;slide&quot;,&quot;sliderIsPage&quot;:true,&quot;sliderIsPageClickable&quot;:true,&quot;sliderIsPageDynamic&quot;:true,&quot;sliderPageColor&quot;:&quot;#146EF5&quot;,&quot;sliderPageWidth&quot;:&quot;15px&quot;,&quot;sliderPageHeight&quot;:&quot;15px&quot;,&quot;sliderPageBorder&quot;:{&quot;radius&quot;:&quot;50%&quot;},&quot;sliderIsPrevNext&quot;:true,&quot;sliderPrevNextColor&quot;:&quot;#146EF5&quot;,&quot;tickerDirection&quot;:&quot;up&quot;,&quot;tickerSpeed&quot;:&quot;slow&quot;,&quot;tickerInterval&quot;:2000,&quot;tickerHeight&quot;:&quot;0px&quot;,&quot;tickerVisible&quot;:3,&quot;tickerIsMousePause&quot;:true,&quot;elementsSort&quot;:[&quot;title&quot;,&quot;meta&quot;],&quot;isFImg&quot;:true,&quot;fImgSize&quot;:&quot;full&quot;,&quot;fImgFitting&quot;:&quot;cover&quot;,&quot;isFImgLink&quot;:false,&quot;isTitle&quot;:true,&quot;isTitleLink&quot;:true,&quot;titleTypo&quot;:{&quot;fontFamily&quot;:&quot;Roboto&quot;,&quot;fontSize&quot;:{&quot;desktop&quot;:&quot;25px&quot;,&quot;tablet&quot;:&quot;22px&quot;,&quot;mobile&quot;:&quot;20px&quot;},&quot;googleFontLink&quot;:&quot;https:\\\/\\\/fonts.googleapis.com\\\/css2?family=Roboto&amp;display=swap&quot;},&quot;titleColor&quot;:&quot;&quot;,&quot;titleMargin&quot;:{&quot;side&quot;:4,&quot;bottom&quot;:&quot;15px&quot;},&quot;isMetaAuthor&quot;:true,&quot;isMetaAuthorLink&quot;:true,&quot;metaAuthorIcon&quot;:&quot;&quot;,&quot;isMetaDate&quot;:true,&quot;metaDateFormat&quot;:&quot;M j, Y&quot;,&quot;metaDateIcon&quot;:&quot;&quot;,&quot;isMetaCategory&quot;:true,&quot;metaCategoryIn&quot;:&quot;content&quot;,&quot;metaCategoryIcon&quot;:&quot;&quot;,&quot;metaTaxonomies&quot;:{&quot;selected&quot;:[]},&quot;isMetaReadTime&quot;:false,&quot;metaReadTimeIcon&quot;:&quot;&quot;,&quot;isMetaReadTimeSec&quot;:false,&quot;metaReadTimeLabel&quot;:&quot;Min read&quot;,&quot;isMetaComment&quot;:false,&quot;metaCommentIcon&quot;:&quot;&quot;,&quot;metaTypo&quot;:{&quot;fontSize&quot;:{&quot;desktop&quot;:&quot;13px&quot;},&quot;textTransform&quot;:&quot;uppercase&quot;},&quot;metaTextColor&quot;:&quot;&quot;,&quot;metaLinkColor&quot;:&quot;#146EF5&quot;,&quot;metaIconColor&quot;:&quot;&quot;,&quot;metaColorsOnImage&quot;:{&quot;color&quot;:&quot;#fff&quot;,&quot;bg&quot;:&quot;#146EF5&quot;},&quot;metaMargin&quot;:{&quot;side&quot;:4,&quot;bottom&quot;:&quot;15px&quot;},&quot;isExcerpt&quot;:true,&quot;isExcerptFromContent&quot;:false,&quot;isEllipsisOnExcerpt&quot;:false,&quot;excerptLength&quot;:25,&quot;excerptAlign&quot;:&quot;justify&quot;,&quot;excerptTypo&quot;:{&quot;fontSize&quot;:{&quot;desktop&quot;:&quot;15px&quot;}},&quot;excerptColor&quot;:&quot;&quot;,&quot;excerptMargin&quot;:{&quot;side&quot;:4,&quot;bottom&quot;:&quot;10px&quot;},&quot;isReadMore&quot;:true,&quot;readMorePosition&quot;:&quot;auto&quot;,&quot;isLinkNewTab&quot;:false,&quot;readMoreAlign&quot;:&quot;left&quot;,&quot;readMoreTypo&quot;:{&quot;fontSize&quot;:{&quot;desktop&quot;:&quot;14px&quot;},&quot;textTransform&quot;:&quot;uppercase&quot;,&quot;fontWeight&quot;:600},&quot;readMorePadding&quot;:{&quot;vertical&quot;:&quot;12px&quot;,&quot;horizontal&quot;:&quot;35px&quot;},&quot;readMoreBorder&quot;:{&quot;radius&quot;:&quot;3px&quot;}}'\n\tdata-extra='{&quot;totalPosts&quot;:6}'\n\tdata-pipecheck=''\n>\n\t<pre id='firstPosts' style='display: none;'>\n\t\t[{&quot;id&quot;:4348,&quot;link&quot;:&quot;https:\\\/\\\/centroecuestrelasdehesillas.com\\\/index.php\\\/2024\\\/02\\\/04\\\/clinic-equitacion-de-trabajo\\\/&quot;,&quot;name&quot;:&quot;clinic-equitacion-de-trabajo&quot;,&quot;thumbnail&quot;:{&quot;url&quot;:&quot;https:\\\/\\\/centroecuestrelasdehesillas.com\\\/wp-content\\\/uploads\\\/2024\\\/02\\\/WhatsApp-Image-2024-01-28-at-20.11.23-2-e1709394476515.jpeg&quot;,&quot;alt&quot;:&quot;&quot;},&quot;title&quot;:&quot;CLINIC EQUITACI\\u00d3N DE TRABAJO&quot;,&quot;author&quot;:{&quot;name&quot;:&quot;Centro Ecuestre Las Dehesillas&quot;,&quot;link&quot;:&quot;https:\\\/\\\/centroecuestrelasdehesillas.com\\\/index.php\\\/author\\\/juanma\\\/&quot;},&quot;date&quot;:&quot;Feb 4, 2024&quot;,&quot;dateGMT&quot;:&quot;2024-02-04 16:05:41&quot;,&quot;modifiedDate&quot;:&quot;2024-03-02 15:48:24&quot;,&quot;modifiedDateGMT&quot;:&quot;2024-03-02 15:48:24&quot;,&quot;commentCount&quot;:&quot;0&quot;,&quot;commentStatus&quot;:&quot;open&quot;,&quot;categories&quot;:{&quot;coma&quot;:&quot;&lt;a href=\\&quot;https:\\\/\\\/centroecuestrelasdehesillas.com\\\/index.php\\\/category\\\/equitacion\\\/\\&quot; rel=\\&quot;category tag\\&quot;&gt;Equitaci\\u00f3n&lt;\\\/a&gt;&quot;,&quot;space&quot;:&quot;&lt;a href=\\&quot;https:\\\/\\\/centroecuestrelasdehesillas.com\\\/index.php\\\/category\\\/equitacion\\\/\\&quot; rel=\\&quot;category tag\\&quot;&gt;Equitaci\\u00f3n&lt;\\\/a&gt;&quot;},&quot;taxonomies&quot;:{&quot;post_tag&quot;:&quot;&quot;},&quot;readTime&quot;:{&quot;min&quot;:0,&quot;sec&quot;:38},&quot;status&quot;:&quot;publish&quot;,&quot;excerpt&quot;:&quot;&quot;},{&quot;id&quot;:4298,&quot;link&quot;:&quot;https:\\\/\\\/centroecuestrelasdehesillas.com\\\/index.php\\\/2023\\\/12\\\/05\\\/puente-de-diciembre-a-caballo\\\/&quot;,&quot;name&quot;:&quot;puente-de-diciembre-a-caballo&quot;,&quot;thumbnail&quot;:{&quot;url&quot;:&quot;https:\\\/\\\/centroecuestrelasdehesillas.com\\\/wp-content\\\/uploads\\\/2023\\\/12\\\/Puente-Diciembre.jpeg&quot;,&quot;alt&quot;:&quot;&quot;},&quot;title&quot;:&quot;Puente De Diciembre A Caballo&quot;,&quot;author&quot;:{&quot;name&quot;:&quot;admin&quot;,&quot;link&quot;:&quot;https:\\\/\\\/centroecuestrelasdehesillas.com\\\/index.php\\\/author\\\/admin\\\/&quot;},&quot;date&quot;:&quot;Dic 5, 2023&quot;,&quot;dateGMT&quot;:&quot;2023-12-05 11:48:32&quot;,&quot;modifiedDate&quot;:&quot;2023-12-05 11:52:46&quot;,&quot;modifiedDateGMT&quot;:&quot;2023-12-05 11:52:46&quot;,&quot;commentCount&quot;:&quot;0&quot;,&quot;commentStatus&quot;:&quot;open&quot;,&quot;categories&quot;:{&quot;coma&quot;:&quot;&lt;a href=\\&quot;https:\\\/\\\/centroecuestrelasdehesillas.com\\\/index.php\\\/category\\\/campamentos\\\/\\&quot; rel=\\&quot;category tag\\&quot;&gt;Campamentos&lt;\\\/a&gt;, &lt;a href=\\&quot;https:\\\/\\\/centroecuestrelasdehesillas.com\\\/index.php\\\/category\\\/equitacion\\\/\\&quot; rel=\\&quot;category tag\\&quot;&gt;Equitaci\\u00f3n&lt;\\\/a&gt;, &lt;a href=\\&quot;https:\\\/\\\/centroecuestrelasdehesillas.com\\\/index.php\\\/category\\\/rutas-a-caballo\\\/\\&quot; rel=\\&quot;category tag\\&quot;&gt;Rutas A Caballo&lt;\\\/a&gt;&quot;,&quot;space&quot;:&quot;&lt;a href=\\&quot;https:\\\/\\\/centroecuestrelasdehesillas.com\\\/index.php\\\/category\\\/campamentos\\\/\\&quot; rel=\\&quot;category tag\\&quot;&gt;Campamentos&lt;\\\/a&gt; &lt;a href=\\&quot;https:\\\/\\\/centroecuestrelasdehesillas.com\\\/index.php\\\/category\\\/equitacion\\\/\\&quot; rel=\\&quot;category tag\\&quot;&gt;Equitaci\\u00f3n&lt;\\\/a&gt; &lt;a href=\\&quot;https:\\\/\\\/centroecuestrelasdehesillas.com\\\/index.php\\\/category\\\/rutas-a-caballo\\\/\\&quot; rel=\\&quot;category tag\\&quot;&gt;Rutas A Caballo&lt;\\\/a&gt;&quot;},&quot;taxonomies&quot;:{&quot;post_tag&quot;:&quot;&quot;},&quot;readTime&quot;:{&quot;min&quot;:0,&quot;sec&quot;:0},&quot;status&quot;:&quot;publish&quot;,&quot;excerpt&quot;:&quot;&quot;},{&quot;id&quot;:4291,&quot;link&quot;:&quot;https:\\\/\\\/centroecuestrelasdehesillas.com\\\/index.php\\\/2023\\\/12\\\/05\\\/convocatoria-galope-diciembre-2023\\\/&quot;,&quot;name&quot;:&quot;convocatoria-galope-diciembre-2023&quot;,&quot;thumbnail&quot;:{&quot;url&quot;:&quot;https:\\\/\\\/centroecuestrelasdehesillas.com\\\/wp-content\\\/uploads\\\/2023\\\/12\\\/Galope-Diciembre-2023.png&quot;,&quot;alt&quot;:&quot;&quot;},&quot;title&quot;:&quot;Convocatoria Galope Diciembre 2023&quot;,&quot;author&quot;:{&quot;name&quot;:&quot;admin&quot;,&quot;link&quot;:&quot;https:\\\/\\\/centroecuestrelasdehesillas.com\\\/index.php\\\/author\\\/admin\\\/&quot;},&quot;date&quot;:&quot;Dic 5, 2023&quot;,&quot;dateGMT&quot;:&quot;2023-12-05 11:44:00&quot;,&quot;modifiedDate&quot;:&quot;2023-12-05 11:44:04&quot;,&quot;modifiedDateGMT&quot;:&quot;2023-12-05 11:44:04&quot;,&quot;commentCount&quot;:&quot;0&quot;,&quot;commentStatus&quot;:&quot;open&quot;,&quot;categories&quot;:{&quot;coma&quot;:&quot;&lt;a href=\\&quot;https:\\\/\\\/centroecuestrelasdehesillas.com\\\/index.php\\\/category\\\/equitacion\\\/\\&quot; rel=\\&quot;category tag\\&quot;&gt;Equitaci\\u00f3n&lt;\\\/a&gt;, &lt;a href=\\&quot;https:\\\/\\\/centroecuestrelasdehesillas.com\\\/index.php\\\/category\\\/examenes\\\/\\&quot; rel=\\&quot;category tag\\&quot;&gt;Ex\\u00e1menes&lt;\\\/a&gt;&quot;,&quot;space&quot;:&quot;&lt;a href=\\&quot;https:\\\/\\\/centroecuestrelasdehesillas.com\\\/index.php\\\/category\\\/equitacion\\\/\\&quot; rel=\\&quot;category tag\\&quot;&gt;Equitaci\\u00f3n&lt;\\\/a&gt; &lt;a href=\\&quot;https:\\\/\\\/centroecuestrelasdehesillas.com\\\/index.php\\\/category\\\/examenes\\\/\\&quot; rel=\\&quot;category tag\\&quot;&gt;Ex\\u00e1menes&lt;\\\/a&gt;&quot;},&quot;taxonomies&quot;:{&quot;post_tag&quot;:&quot;&quot;},&quot;readTime&quot;:{&quot;min&quot;:0,&quot;sec&quot;:0},&quot;status&quot;:&quot;publish&quot;,&quot;excerpt&quot;:&quot;&quot;},{&quot;id&quot;:4269,&quot;link&quot;:&quot;https:\\\/\\\/centroecuestrelasdehesillas.com\\\/index.php\\\/2023\\\/09\\\/26\\\/escuela-de-equitacion-curso-23-24\\\/&quot;,&quot;name&quot;:&quot;escuela-de-equitacion-curso-23-24&quot;,&quot;thumbnail&quot;:{&quot;url&quot;:&quot;https:\\\/\\\/centroecuestrelasdehesillas.com\\\/wp-content\\\/uploads\\\/2023\\\/09\\\/ESCUELA-DE-EQUITACION-2-2.png&quot;,&quot;alt&quot;:&quot;&quot;},&quot;title&quot;:&quot;Escuela De Equitaci\\u00f3n - Curso 23\\\/24&quot;,&quot;author&quot;:{&quot;name&quot;:&quot;admin&quot;,&quot;link&quot;:&quot;https:\\\/\\\/centroecuestrelasdehesillas.com\\\/index.php\\\/author\\\/admin\\\/&quot;},&quot;date&quot;:&quot;Sep 26, 2023&quot;,&quot;dateGMT&quot;:&quot;2023-09-26 08:34:16&quot;,&quot;modifiedDate&quot;:&quot;2023-09-26 08:42:58&quot;,&quot;modifiedDateGMT&quot;:&quot;2023-09-26 08:42:58&quot;,&quot;commentCount&quot;:&quot;0&quot;,&quot;commentStatus&quot;:&quot;closed&quot;,&quot;categories&quot;:{&quot;coma&quot;:&quot;&lt;a href=\\&quot;https:\\\/\\\/centroecuestrelasdehesillas.com\\\/index.php\\\/category\\\/equitacion\\\/\\&quot; rel=\\&quot;category tag\\&quot;&gt;Equitaci\\u00f3n&lt;\\\/a&gt;&quot;,&quot;space&quot;:&quot;&lt;a href=\\&quot;https:\\\/\\\/centroecuestrelasdehesillas.com\\\/index.php\\\/category\\\/equitacion\\\/\\&quot; rel=\\&quot;category tag\\&quot;&gt;Equitaci\\u00f3n&lt;\\\/a&gt;&quot;},&quot;taxonomies&quot;:{&quot;post_tag&quot;:&quot;&quot;},&quot;readTime&quot;:{&quot;min&quot;:0,&quot;sec&quot;:0},&quot;status&quot;:&quot;publish&quot;,&quot;excerpt&quot;:&quot;&quot;},{&quot;id&quot;:4177,&quot;link&quot;:&quot;https:\\\/\\\/centroecuestrelasdehesillas.com\\\/index.php\\\/2023\\\/06\\\/02\\\/curso-intensivo-de-equitacion\\\/&quot;,&quot;name&quot;:&quot;curso-intensivo-de-equitacion&quot;,&quot;thumbnail&quot;:{&quot;url&quot;:&quot;https:\\\/\\\/centroecuestrelasdehesillas.com\\\/wp-content\\\/uploads\\\/2023\\\/06\\\/Curso-Intensivo-De-Equitacion.jpeg&quot;,&quot;alt&quot;:&quot;&quot;},&quot;title&quot;:&quot;Curso Intensivo De Equitaci\\u00f3n&quot;,&quot;author&quot;:{&quot;name&quot;:&quot;admin&quot;,&quot;link&quot;:&quot;https:\\\/\\\/centroecuestrelasdehesillas.com\\\/index.php\\\/author\\\/admin\\\/&quot;},&quot;date&quot;:&quot;Jun 2, 2023&quot;,&quot;dateGMT&quot;:&quot;2023-06-02 08:08:28&quot;,&quot;modifiedDate&quot;:&quot;2023-06-02 08:11:43&quot;,&quot;modifiedDateGMT&quot;:&quot;2023-06-02 08:11:43&quot;,&quot;commentCount&quot;:&quot;0&quot;,&quot;commentStatus&quot;:&quot;open&quot;,&quot;categories&quot;:{&quot;coma&quot;:&quot;&lt;a href=\\&quot;https:\\\/\\\/centroecuestrelasdehesillas.com\\\/index.php\\\/category\\\/equitacion\\\/\\&quot; rel=\\&quot;category tag\\&quot;&gt;Equitaci\\u00f3n&lt;\\\/a&gt;&quot;,&quot;space&quot;:&quot;&lt;a href=\\&quot;https:\\\/\\\/centroecuestrelasdehesillas.com\\\/index.php\\\/category\\\/equitacion\\\/\\&quot; rel=\\&quot;category tag\\&quot;&gt;Equitaci\\u00f3n&lt;\\\/a&gt;&quot;},&quot;taxonomies&quot;:{&quot;post_tag&quot;:&quot;&quot;},&quot;readTime&quot;:{&quot;min&quot;:1,&quot;sec&quot;:54},&quot;status&quot;:&quot;publish&quot;,&quot;excerpt&quot;:&quot;&quot;},{&quot;id&quot;:229,&quot;link&quot;:&quot;https:\\\/\\\/centroecuestrelasdehesillas.com\\\/index.php\\\/2023\\\/05\\\/17\\\/curso-de-equitacion-2022-2023\\\/&quot;,&quot;name&quot;:&quot;curso-de-equitacion-2022-2023&quot;,&quot;thumbnail&quot;:{&quot;url&quot;:&quot;https:\\\/\\\/centroecuestrelasdehesillas.com\\\/wp-content\\\/uploads\\\/2023\\\/05\\\/image.png&quot;,&quot;alt&quot;:&quot;&quot;},&quot;title&quot;:&quot;Curso De Equitaci\\u00f3n 2022-2023&quot;,&quot;author&quot;:{&quot;name&quot;:&quot;admin&quot;,&quot;link&quot;:&quot;https:\\\/\\\/centroecuestrelasdehesillas.com\\\/index.php\\\/author\\\/admin\\\/&quot;},&quot;date&quot;:&quot;May 17, 2023&quot;,&quot;dateGMT&quot;:&quot;2023-05-17 20:29:13&quot;,&quot;modifiedDate&quot;:&quot;2023-05-30 14:31:53&quot;,&quot;modifiedDateGMT&quot;:&quot;2023-05-30 14:31:53&quot;,&quot;commentCount&quot;:&quot;0&quot;,&quot;commentStatus&quot;:&quot;open&quot;,&quot;categories&quot;:{&quot;coma&quot;:&quot;&lt;a href=\\&quot;https:\\\/\\\/centroecuestrelasdehesillas.com\\\/index.php\\\/category\\\/equitacion\\\/\\&quot; rel=\\&quot;category tag\\&quot;&gt;Equitaci\\u00f3n&lt;\\\/a&gt;&quot;,&quot;space&quot;:&quot;&lt;a href=\\&quot;https:\\\/\\\/centroecuestrelasdehesillas.com\\\/index.php\\\/category\\\/equitacion\\\/\\&quot; rel=\\&quot;category tag\\&quot;&gt;Equitaci\\u00f3n&lt;\\\/a&gt;&quot;},&quot;taxonomies&quot;:{&quot;post_tag&quot;:&quot;&quot;},&quot;readTime&quot;:{&quot;min&quot;:0,&quot;sec&quot;:14},&quot;status&quot;:&quot;publish&quot;,&quot;excerpt&quot;:&quot;&quot;}]\t<\/pre>\n\n\t\t\t\t<div class='apbLoadingPlaceholder' id='apbLoadingPlaceholder-2'>\n\t\t\t\t\t\t\t\t\t\t<style>\n\t\t\t\t\t\t\t#apbLoadingPlaceholder-2 .apbSliderSkeleton article{\n\t\t\tmin-height: 350px;\n\t\t}\t\t\t\t\t\t<\/style>\n\t\t\t\t\t\t<div class='apbSliderSkeleton'>\n\t\t\t\t\t\t\t<div class='swiper-wrapper'>\n\t\t\t\t\t\t\t\t<article class='apbPost'>\n\t\t\t<span class='apbLoadingItem apbThumb'><\/span>\n\t\t\t\n\t\t\t<div class='apbText'>\n\t\t\t\t<div class='apbTitle'>\n\t\t\t\t\t<span class='apbLoadingItem'><\/span>\n\t\t\t\t\t<span class='apbLoadingItem'><\/span>\n\t\t\t\t<\/div>\n\t\t\t\t<div class='apbMeta'>\n\t\t\t\t\t<span class='apbLoadingItem'><\/span>\n\t\t\t\t<\/div>\n\t\t\t\t<div class='apbExcerpt'>\n\t\t\t\t\t<span class='apbLoadingItem'><\/span>\n\t\t\t\t\t<span class='apbLoadingItem'><\/span>\n\t\t\t\t\t<span class='apbLoadingItem'><\/span>\n\t\t\t\t\t<span class='apbLoadingItem'><\/span>\n\t\t\t\t<\/div>\n\t\t\t\t<div class='apbReadMore'>\n\t\t\t\t\t<span class='apbLoadingItem'><\/span>\n\t\t\t\t<\/div>\n\t\t\t<\/div>\n\t\t<\/article><article class='apbPost'>\n\t\t\t<span class='apbLoadingItem apbThumb'><\/span>\n\t\t\t\n\t\t\t<div class='apbText'>\n\t\t\t\t<div class='apbTitle'>\n\t\t\t\t\t<span class='apbLoadingItem'><\/span>\n\t\t\t\t\t<span class='apbLoadingItem'><\/span>\n\t\t\t\t<\/div>\n\t\t\t\t<div class='apbMeta'>\n\t\t\t\t\t<span class='apbLoadingItem'><\/span>\n\t\t\t\t<\/div>\n\t\t\t\t<div class='apbExcerpt'>\n\t\t\t\t\t<span class='apbLoadingItem'><\/span>\n\t\t\t\t\t<span class='apbLoadingItem'><\/span>\n\t\t\t\t\t<span class='apbLoadingItem'><\/span>\n\t\t\t\t\t<span class='apbLoadingItem'><\/span>\n\t\t\t\t<\/div>\n\t\t\t\t<div class='apbReadMore'>\n\t\t\t\t\t<span class='apbLoadingItem'><\/span>\n\t\t\t\t<\/div>\n\t\t\t<\/div>\n\t\t<\/article>\t\t\t\t\t\t\t<\/div>\n\t\t\t\t\t\t\t<div class='swiper-pagination'><\/div>\t\t\t\t\t\t\t<div class='swiper-button-prev'><\/div><div class='swiper-button-next'><\/div>\t\t\t\t\t\t<\/div>\n\t\t\t\t\t\t\t\t<\/div>\n\t\t<\/div>","protected":false},"excerpt":{"rendered":"<p>Las clases se dividen en: \u2013 Poniclub: \u2013 Iniciaci\u00f3n y nivel Medio. \u2013 Doma Cl\u00e1sica o Doma Vaquera: \u2013 Saltos de Obst\u00e1culos \u00a1Y muchas actividades m\u00e1s\u2026<span class=\"excerpt-hellip\"> [\u2026]<\/span><\/p>\n","protected":false},"author":1,"featured_media":0,"parent":0,"menu_order":0,"comment_status":"closed","ping_status":"closed","template":"","meta":{"_monsterinsights_skip_tracking":false,"_monsterinsights_sitenote_active":false,"_monsterinsights_sitenote_note":"","_monsterinsights_sitenote_category":0,"footnotes":""},"class_list":["post-202","page","type-page","status-publish","hentry"],"_links":{"self":[{"href":"https:\/\/centroecuestrelasdehesillas.com\/index.php\/wp-json\/wp\/v2\/pages\/202","targetHints":{"allow":["GET"]}}],"collection":[{"href":"https:\/\/centroecuestrelasdehesillas.com\/index.php\/wp-json\/wp\/v2\/pages"}],"about":[{"href":"https:\/\/centroecuestrelasdehesillas.com\/index.php\/wp-json\/wp\/v2\/types\/page"}],"author":[{"embeddable":true,"href":"https:\/\/centroecuestrelasdehesillas.com\/index.php\/wp-json\/wp\/v2\/users\/1"}],"replies":[{"embeddable":true,"href":"https:\/\/centroecuestrelasdehesillas.com\/index.php\/wp-json\/wp\/v2\/comments?post=202"}],"version-history":[{"count":8,"href":"https:\/\/centroecuestrelasdehesillas.com\/index.php\/wp-json\/wp\/v2\/pages\/202\/revisions"}],"predecessor-version":[{"id":4242,"href":"https:\/\/centroecuestrelasdehesillas.com\/index.php\/wp-json\/wp\/v2\/pages\/202\/revisions\/4242"}],"wp:attachment":[{"href":"https:\/\/centroecuestrelasdehesillas.com\/index.php\/wp-json\/wp\/v2\/media?parent=202"}],"curies":[{"name":"wp","href":"https:\/\/api.w.org\/{rel}","templated":true}]}}